{"id":239,"date":"2023-08-26T11:10:07","date_gmt":"2023-08-26T09:10:07","guid":{"rendered":"https:\/\/rainbowantstudio-dev.ovh\/?page_id=239"},"modified":"2024-01-07T21:46:56","modified_gmt":"2024-01-07T20:46:56","slug":"formations-et-diplomes","status":"publish","type":"page","link":"https:\/\/isabelle-daumas.com\/index.php\/formations-et-diplomes\/","title":{"rendered":"Formation Initiale et Dipl\u00f4mes"},"content":{"rendered":"\t\t<div data-elementor-type=\"wp-page\" data-elementor-id=\"239\" class=\"elementor elementor-239\">\n\t\t\t\t\t\t\t\t\t<section class=\"elementor-section elementor-top-section elementor-element elementor-element-75e4049 elementor-section-boxed elementor-section-height-default elementor-section-height-default\" data-id=\"75e4049\" data-element_type=\"section\">\n\t\t\t\t\t\t<div class=\"elementor-container elementor-column-gap-default\">\n\t\t\t\t\t<div class=\"elementor-column elementor-col-100 elementor-top-column elementor-element elementor-element-996aaa8\" data-id=\"996aaa8\" data-element_type=\"column\">\n\t\t\t<div class=\"elementor-widget-wrap elementor-element-populated\">\n\t\t\t\t\t\t\t\t<div class=\"elementor-element elementor-element-7787188 elementor-widget__width-auto elementor-widget elementor-widget-image\" data-id=\"7787188\" data-element_type=\"widget\" data-widget_type=\"image.default\">\n\t\t\t\t<div class=\"elementor-widget-container\">\n\t\t\t<style>\/*! elementor - v3.15.0 - 20-08-2023 *\/\n.elementor-widget-image{text-align:center}.elementor-widget-image a{display:inline-block}.elementor-widget-image a img[src$=\".svg\"]{width:48px}.elementor-widget-image img{vertical-align:middle;display:inline-block}<\/style>\t\t\t\t\t\t\t\t\t\t\t\t<img decoding=\"async\" src=\"https:\/\/isabelle-daumas.com\/wp-content\/uploads\/elementor\/thumbs\/Line-4-qbdje1q2xmkx7yok56ctthlj7gdebkefsb9xn2u556.png\" title=\"Line-4.png\" alt=\"Line-4.png\" loading=\"lazy\" \/>\t\t\t\t\t\t\t\t\t\t\t\t\t\t\t<\/div>\n\t\t\t\t<\/div>\n\t\t\t\t<div class=\"elementor-element elementor-element-a6c5447 elementor-widget__width-auto elementor-widget elementor-widget-text-editor\" data-id=\"a6c5447\" data-element_type=\"widget\" data-widget_type=\"text-editor.default\">\n\t\t\t\t<div class=\"elementor-widget-container\">\n\t\t\t<style>\/*! elementor - v3.15.0 - 20-08-2023 *\/\n.elementor-widget-text-editor.elementor-drop-cap-view-stacked .elementor-drop-cap{background-color:#69727d;color:#fff}.elementor-widget-text-editor.elementor-drop-cap-view-framed .elementor-drop-cap{color:#69727d;border:3px solid;background-color:transparent}.elementor-widget-text-editor:not(.elementor-drop-cap-view-default) .elementor-drop-cap{margin-top:8px}.elementor-widget-text-editor:not(.elementor-drop-cap-view-default) .elementor-drop-cap-letter{width:1em;height:1em}.elementor-widget-text-editor .elementor-drop-cap{float:left;text-align:center;line-height:1;font-size:50px}.elementor-widget-text-editor .elementor-drop-cap-letter{display:inline-block}<\/style>\t\t\t\t<p>FORMATION INITIALE ET DIPL\u00d4MES<\/p>\t\t\t\t\t\t<\/div>\n\t\t\t\t<\/div>\n\t\t\t\t\t<\/div>\n\t\t<\/div>\n\t\t\t\t\t\t\t<\/div>\n\t\t<\/section>\n\t\t\t\t<section class=\"elementor-section elementor-top-section elementor-element elementor-element-db2a0f2 elementor-section-boxed elementor-section-height-default elementor-section-height-default\" data-id=\"db2a0f2\" data-element_type=\"section\" data-settings=\"{&quot;background_background&quot;:&quot;classic&quot;}\">\n\t\t\t\t\t\t\t<div class=\"elementor-background-overlay\"><\/div>\n\t\t\t\t\t\t\t<div class=\"elementor-container elementor-column-gap-default\">\n\t\t\t\t\t<div class=\"elementor-column elementor-col-100 elementor-top-column elementor-element elementor-element-537263a\" data-id=\"537263a\" data-element_type=\"column\">\n\t\t\t<div class=\"elementor-widget-wrap elementor-element-populated\">\n\t\t\t\t\t\t\t\t<section class=\"elementor-section elementor-inner-section elementor-element elementor-element-dc9c073 elementor-section-boxed elementor-section-height-default elementor-section-height-default\" data-id=\"dc9c073\" data-element_type=\"section\">\n\t\t\t\t\t\t<div class=\"elementor-container elementor-column-gap-extended\">\n\t\t\t\t\t<div class=\"elementor-column elementor-col-50 elementor-inner-column elementor-element elementor-element-2202f69\" data-id=\"2202f69\" data-element_type=\"column\">\n\t\t\t<div class=\"elementor-widget-wrap elementor-element-populated\">\n\t\t\t\t\t\t\t\t<div class=\"elementor-element elementor-element-864c3a7 elementor-widget elementor-widget-heading\" data-id=\"864c3a7\" data-element_type=\"widget\" data-widget_type=\"heading.default\">\n\t\t\t\t<div class=\"elementor-widget-container\">\n\t\t\t<style>\/*! elementor - v3.15.0 - 20-08-2023 *\/\n.elementor-heading-title{padding:0;margin:0;line-height:1}.elementor-widget-heading .elementor-heading-title[class*=elementor-size-]>a{color:inherit;font-size:inherit;line-height:inherit}.elementor-widget-heading .elementor-heading-title.elementor-size-small{font-size:15px}.elementor-widget-heading .elementor-heading-title.elementor-size-medium{font-size:19px}.elementor-widget-heading .elementor-heading-title.elementor-size-large{font-size:29px}.elementor-widget-heading .elementor-heading-title.elementor-size-xl{font-size:39px}.elementor-widget-heading .elementor-heading-title.elementor-size-xxl{font-size:59px}<\/style><h5 class=\"elementor-heading-title elementor-size-default\">1992<\/h5>\t\t<\/div>\n\t\t\t\t<\/div>\n\t\t\t\t<div class=\"elementor-element elementor-element-4fe5ee7 elementor-widget elementor-widget-text-editor\" data-id=\"4fe5ee7\" data-element_type=\"widget\" data-widget_type=\"text-editor.default\">\n\t\t\t\t<div class=\"elementor-widget-container\">\n\t\t\t\t\t\t\t<h6><strong>DESS \u2018\u2019Professionnalisation et int\u00e9gration sociale par les activit\u00e9s Physiques &#8211; Ergomotricit\u00e9\u2019\u2019<\/strong><\/h6><p>UFR STAPS &#8211; Universit\u00e9 de NANCY 1 (54)<\/p>\t\t\t\t\t\t<\/div>\n\t\t\t\t<\/div>\n\t\t\t\t\t<\/div>\n\t\t<\/div>\n\t\t\t\t<div class=\"elementor-column elementor-col-50 elementor-inner-column elementor-element elementor-element-0f953ad\" data-id=\"0f953ad\" data-element_type=\"column\">\n\t\t\t<div class=\"elementor-widget-wrap elementor-element-populated\">\n\t\t\t\t\t\t\t\t<div class=\"elementor-element elementor-element-205ba7b elementor-widget elementor-widget-heading\" data-id=\"205ba7b\" data-element_type=\"widget\" data-widget_type=\"heading.default\">\n\t\t\t\t<div class=\"elementor-widget-container\">\n\t\t\t<h5 class=\"elementor-heading-title elementor-size-default\">1990<\/h5>\t\t<\/div>\n\t\t\t\t<\/div>\n\t\t\t\t<div class=\"elementor-element elementor-element-223de35 elementor-widget elementor-widget-text-editor\" data-id=\"223de35\" data-element_type=\"widget\" data-widget_type=\"text-editor.default\">\n\t\t\t\t<div class=\"elementor-widget-container\">\n\t\t\t\t\t\t\t<h6 style=\"font-family: Roboto, sans-serif; color: #7a7a7a;\"><span style=\"font-weight: bolder;\">MAITRISE \u2018\u2019Sport &#8211; Animation &#8211; Gestion &#8211; Formation &#8211; Conseil\u2019\u2019<\/span><\/h6><p>UFR STAPS &#8211; Universit\u00e9 de NANCY 1 (54)<\/p><div class=\"elementor-element elementor-element-d447e16 elementor-widget elementor-widget-text-editor\" style=\"flex-basis: var(--flex-basis); flex-grow: var(--flex-grow); flex-shrink: var(--flex-shrink); order: var(--order); align-self: var(--align-self); flex-direction: var(--flex-direction); flex-wrap: var(--flex-wrap); justify-content: var(--justify-content); align-items: var(--align-items); align-content: var(--align-content); gap: var(--gap); --swiper-theme-color: #000; --swiper-navigation-size: 44px; --swiper-pagination-bullet-size: 6px; --swiper-pagination-bullet-horizontal-gap: 6px; --widgets-spacing: 20px; color: #7a7a7a; font-family: Roboto, sans-serif; font-weight: 400;\" data-id=\"d447e16\" data-element_type=\"widget\" data-widget_type=\"text-editor.default\"><div class=\"elementor-widget-container\" style=\"transition: background .3s,border .3s,border-radius .3s,box-shadow .3s,transform var(--e-transform-transition-duration,.4s);\">\u00a0<\/div><\/div>\t\t\t\t\t\t<\/div>\n\t\t\t\t<\/div>\n\t\t\t\t\t<\/div>\n\t\t<\/div>\n\t\t\t\t\t\t\t<\/div>\n\t\t<\/section>\n\t\t\t\t<section class=\"elementor-section elementor-inner-section elementor-element elementor-element-e1ac1b4 elementor-section-boxed elementor-section-height-default elementor-section-height-default\" data-id=\"e1ac1b4\" data-element_type=\"section\">\n\t\t\t\t\t\t<div class=\"elementor-container elementor-column-gap-extended\">\n\t\t\t\t\t<div class=\"elementor-column elementor-col-50 elementor-inner-column elementor-element elementor-element-fda7298\" data-id=\"fda7298\" data-element_type=\"column\">\n\t\t\t<div class=\"elementor-widget-wrap elementor-element-populated\">\n\t\t\t\t\t\t\t\t<div class=\"elementor-element elementor-element-5adc8f8 elementor-widget elementor-widget-heading\" data-id=\"5adc8f8\" data-element_type=\"widget\" data-widget_type=\"heading.default\">\n\t\t\t\t<div class=\"elementor-widget-container\">\n\t\t\t<h5 class=\"elementor-heading-title elementor-size-default\">1989<\/h5>\t\t<\/div>\n\t\t\t\t<\/div>\n\t\t\t\t<div class=\"elementor-element elementor-element-dd03b8b elementor-widget elementor-widget-text-editor\" data-id=\"dd03b8b\" data-element_type=\"widget\" data-widget_type=\"text-editor.default\">\n\t\t\t\t<div class=\"elementor-widget-container\">\n\t\t\t\t\t\t\t<h6 style=\"font-family: Roboto, sans-serif; color: #7a7a7a;\"><span style=\"font-weight: bolder;\">LICENCE d&rsquo;enseignement \u00ab\u00a0Sciences et Techniques des Activit\u00e9s Physiques et Sportives\u00a0\u00bb<\/span><\/h6><p>UFR STAPS &#8211; Universit\u00e9 de NANCY 1 (54)<\/p>\t\t\t\t\t\t<\/div>\n\t\t\t\t<\/div>\n\t\t\t\t\t<\/div>\n\t\t<\/div>\n\t\t\t\t<div class=\"elementor-column elementor-col-50 elementor-inner-column elementor-element elementor-element-b3fd466\" data-id=\"b3fd466\" data-element_type=\"column\">\n\t\t\t<div class=\"elementor-widget-wrap elementor-element-populated\">\n\t\t\t\t\t\t\t\t<div class=\"elementor-element elementor-element-9b3dc85 elementor-widget elementor-widget-heading\" data-id=\"9b3dc85\" data-element_type=\"widget\" data-widget_type=\"heading.default\">\n\t\t\t\t<div class=\"elementor-widget-container\">\n\t\t\t<h5 class=\"elementor-heading-title elementor-size-default\">1988<\/h5>\t\t<\/div>\n\t\t\t\t<\/div>\n\t\t\t\t<div class=\"elementor-element elementor-element-a41886a elementor-widget elementor-widget-text-editor\" data-id=\"a41886a\" data-element_type=\"widget\" data-widget_type=\"text-editor.default\">\n\t\t\t\t<div class=\"elementor-widget-container\">\n\t\t\t\t\t\t\t<h6 style=\"font-family: Roboto, sans-serif; color: #7a7a7a;\"><span style=\"font-weight: bolder;\">DEUG \u00ab\u00a0Sciences et Techniques des Activit\u00e9s Physiques et Sportives\u00a0\u00bb<\/span><\/h6><div class=\"elementor-element elementor-element-d447e16 elementor-widget elementor-widget-text-editor\" style=\"flex-basis: var(--flex-basis); flex-grow: var(--flex-grow); flex-shrink: var(--flex-shrink); order: var(--order); align-self: var(--align-self); flex-direction: var(--flex-direction); flex-wrap: var(--flex-wrap); justify-content: var(--justify-content); align-items: var(--align-items); align-content: var(--align-content); gap: var(--gap); --swiper-theme-color: #000; --swiper-navigation-size: 44px; --swiper-pagination-bullet-size: 6px; --swiper-pagination-bullet-horizontal-gap: 6px; --widgets-spacing: 20px; color: #7a7a7a; font-family: Roboto, sans-serif; font-weight: 400;\" data-id=\"d447e16\" data-element_type=\"widget\" data-widget_type=\"text-editor.default\"><div class=\"elementor-widget-container\" style=\"transition: background .3s,border .3s,border-radius .3s,box-shadow .3s,transform var(--e-transform-transition-duration,.4s);\"><p>UFR STAPS \u2013 Universit\u00e9 de NANCY 1 (54)<\/p><\/div><\/div>\t\t\t\t\t\t<\/div>\n\t\t\t\t<\/div>\n\t\t\t\t\t<\/div>\n\t\t<\/div>\n\t\t\t\t\t\t\t<\/div>\n\t\t<\/section>\n\t\t\t\t<section class=\"elementor-section elementor-inner-section elementor-element elementor-element-08f865c elementor-section-boxed elementor-section-height-default elementor-section-height-default\" data-id=\"08f865c\" data-element_type=\"section\">\n\t\t\t\t\t\t<div class=\"elementor-container elementor-column-gap-extended\">\n\t\t\t\t\t<div class=\"elementor-column elementor-col-50 elementor-inner-column elementor-element elementor-element-d1d8a88\" data-id=\"d1d8a88\" data-element_type=\"column\">\n\t\t\t<div class=\"elementor-widget-wrap elementor-element-populated\">\n\t\t\t\t\t\t\t\t<div class=\"elementor-element elementor-element-e615c67 elementor-widget elementor-widget-heading\" data-id=\"e615c67\" data-element_type=\"widget\" data-widget_type=\"heading.default\">\n\t\t\t\t<div class=\"elementor-widget-container\">\n\t\t\t<h5 class=\"elementor-heading-title elementor-size-default\">1986<\/h5>\t\t<\/div>\n\t\t\t\t<\/div>\n\t\t\t\t<div class=\"elementor-element elementor-element-caaf49f elementor-widget elementor-widget-text-editor\" data-id=\"caaf49f\" data-element_type=\"widget\" data-widget_type=\"text-editor.default\">\n\t\t\t\t<div class=\"elementor-widget-container\">\n\t\t\t\t\t\t\t<h6><strong>BACCALAUREAT G1<\/strong><\/h6><div class=\"elementor-element elementor-element-9c58205 elementor-widget elementor-widget-text-editor\" data-id=\"9c58205\" data-element_type=\"widget\" data-widget_type=\"text-editor.default\"><div class=\"elementor-widget-container\"><p>Lyc\u00e9e Louis Lapicque \u2013 EPINAL (88)<\/p><\/div><\/div>\t\t\t\t\t\t<\/div>\n\t\t\t\t<\/div>\n\t\t\t\t\t<\/div>\n\t\t<\/div>\n\t\t\t\t<div class=\"elementor-column elementor-col-50 elementor-inner-column elementor-element elementor-element-8fa7d14\" data-id=\"8fa7d14\" data-element_type=\"column\">\n\t\t\t<div class=\"elementor-widget-wrap\">\n\t\t\t\t\t\t\t\t\t<\/div>\n\t\t<\/div>\n\t\t\t\t\t\t\t<\/div>\n\t\t<\/section>\n\t\t\t\t\t<\/div>\n\t\t<\/div>\n\t\t\t\t\t\t\t<\/div>\n\t\t<\/section>\n\t\t\t\t\t\t\t<\/div>\n\t\t","protected":false},"excerpt":{"rendered":"<p>FORMATION INITIALE ET DIPL\u00d4MES 1992 DESS \u2018\u2019Professionnalisation et int\u00e9gration sociale par les activit\u00e9s Physiques &#8211; Ergomotricit\u00e9\u2019\u2019 UFR STAPS &#8211; Universit\u00e9 de NANCY 1 (54) 1990 MAITRISE \u2018\u2019Sport &#8211; Animation &#8211; Gestion &#8211; Formation &#8211; Conseil\u2019\u2019 UFR STAPS &#8211; Universit\u00e9 de NANCY 1 (54) \u00a0 1989 LICENCE d&rsquo;enseignement \u00ab\u00a0Sciences et Techniques des Activit\u00e9s Physiques et Sportives\u00a0\u00bb [&hellip;]<\/p>\n","protected":false},"author":1,"featured_media":0,"parent":0,"menu_order":0,"comment_status":"closed","ping_status":"closed","template":"elementor_header_footer","meta":{"footnotes":""},"class_list":["post-239","page","type-page","status-publish","hentry"],"yoast_head":"<!-- This site is optimized with the Yoast SEO plugin v22.0 - https:\/\/yoast.com\/wordpress\/plugins\/seo\/ -->\n<title>Formation Initiale et Dipl\u00f4mes - Isabelle DAUMAS<\/title>\n<meta name=\"robots\" content=\"index, follow, max-snippet:-1, max-image-preview:large, max-video-preview:-1\" \/>\n<link rel=\"canonical\" href=\"https:\/\/isabelle-daumas.com\/index.php\/formations-et-diplomes\/\" \/>\n<meta property=\"og:locale\" content=\"fr_FR\" \/>\n<meta property=\"og:type\" content=\"article\" \/>\n<meta property=\"og:title\" content=\"Formation Initiale et Dipl\u00f4mes - Isabelle DAUMAS\" \/>\n<meta property=\"og:description\" content=\"FORMATION INITIALE ET DIPL\u00d4MES 1992 DESS \u2018\u2019Professionnalisation et int\u00e9gration sociale par les activit\u00e9s Physiques &#8211; Ergomotricit\u00e9\u2019\u2019 UFR STAPS &#8211; Universit\u00e9 de NANCY 1 (54) 1990 MAITRISE \u2018\u2019Sport &#8211; Animation &#8211; Gestion &#8211; Formation &#8211; Conseil\u2019\u2019 UFR STAPS &#8211; Universit\u00e9 de NANCY 1 (54) \u00a0 1989 LICENCE d&rsquo;enseignement \u00ab\u00a0Sciences et Techniques des Activit\u00e9s Physiques et Sportives\u00a0\u00bb [&hellip;]\" \/>\n<meta property=\"og:url\" content=\"https:\/\/isabelle-daumas.com\/index.php\/formations-et-diplomes\/\" \/>\n<meta property=\"og:site_name\" content=\"Isabelle DAUMAS\" \/>\n<meta property=\"article:modified_time\" content=\"2024-01-07T20:46:56+00:00\" \/>\n<meta property=\"og:image\" content=\"http:\/\/rainbowantstudio-dev.ovh\/wp-content\/uploads\/elementor\/thumbs\/Line-4-qbdje2nx4gm7jkn6zorgdzczsu8rj9i64fxf4csqyy.png\" \/>\n<meta name=\"twitter:card\" content=\"summary_large_image\" \/>\n<script type=\"application\/ld+json\" class=\"yoast-schema-graph\">{\"@context\":\"https:\/\/schema.org\",\"@graph\":[{\"@type\":\"WebPage\",\"@id\":\"https:\/\/isabelle-daumas.com\/index.php\/formations-et-diplomes\/\",\"url\":\"https:\/\/isabelle-daumas.com\/index.php\/formations-et-diplomes\/\",\"name\":\"Formation Initiale et Dipl\u00f4mes - Isabelle DAUMAS\",\"isPartOf\":{\"@id\":\"https:\/\/isabelle-daumas.com\/#website\"},\"datePublished\":\"2023-08-26T09:10:07+00:00\",\"dateModified\":\"2024-01-07T20:46:56+00:00\",\"breadcrumb\":{\"@id\":\"https:\/\/isabelle-daumas.com\/index.php\/formations-et-diplomes\/#breadcrumb\"},\"inLanguage\":\"fr-FR\",\"potentialAction\":[{\"@type\":\"ReadAction\",\"target\":[\"https:\/\/isabelle-daumas.com\/index.php\/formations-et-diplomes\/\"]}]},{\"@type\":\"BreadcrumbList\",\"@id\":\"https:\/\/isabelle-daumas.com\/index.php\/formations-et-diplomes\/#breadcrumb\",\"itemListElement\":[{\"@type\":\"ListItem\",\"position\":1,\"name\":\"Accueil\",\"item\":\"https:\/\/isabelle-daumas.com\/\"},{\"@type\":\"ListItem\",\"position\":2,\"name\":\"Formation Initiale et Dipl\u00f4mes\"}]},{\"@type\":\"WebSite\",\"@id\":\"https:\/\/isabelle-daumas.com\/#website\",\"url\":\"https:\/\/isabelle-daumas.com\/\",\"name\":\"Isabelle DAUMAS\",\"description\":\"Pr\u00e9venir les Risques Professionnels et Promouvoir la Sant\u00e9, c\u2019est possible !\",\"publisher\":{\"@id\":\"https:\/\/isabelle-daumas.com\/#organization\"},\"potentialAction\":[{\"@type\":\"SearchAction\",\"target\":{\"@type\":\"EntryPoint\",\"urlTemplate\":\"https:\/\/isabelle-daumas.com\/?s={search_term_string}\"},\"query-input\":\"required name=search_term_string\"}],\"inLanguage\":\"fr-FR\"},{\"@type\":\"Organization\",\"@id\":\"https:\/\/isabelle-daumas.com\/#organization\",\"name\":\"Isabelle DAUMAS\",\"url\":\"https:\/\/isabelle-daumas.com\/\",\"logo\":{\"@type\":\"ImageObject\",\"inLanguage\":\"fr-FR\",\"@id\":\"https:\/\/isabelle-daumas.com\/#\/schema\/logo\/image\/\",\"url\":\"https:\/\/isabelle-daumas.com\/wp-content\/uploads\/2023\/08\/cropped-LOGO_Isabelle-DAUMAS_complet-e1701289751194.png\",\"contentUrl\":\"https:\/\/isabelle-daumas.com\/wp-content\/uploads\/2023\/08\/cropped-LOGO_Isabelle-DAUMAS_complet-e1701289751194.png\",\"width\":271,\"height\":77,\"caption\":\"Isabelle DAUMAS\"},\"image\":{\"@id\":\"https:\/\/isabelle-daumas.com\/#\/schema\/logo\/image\/\"}}]}<\/script>\n<!-- \/ Yoast SEO plugin. -->","yoast_head_json":{"title":"Formation Initiale et Dipl\u00f4mes - Isabelle DAUMAS","robots":{"index":"index","follow":"follow","max-snippet":"max-snippet:-1","max-image-preview":"max-image-preview:large","max-video-preview":"max-video-preview:-1"},"canonical":"https:\/\/isabelle-daumas.com\/index.php\/formations-et-diplomes\/","og_locale":"fr_FR","og_type":"article","og_title":"Formation Initiale et Dipl\u00f4mes - Isabelle DAUMAS","og_description":"FORMATION INITIALE ET DIPL\u00d4MES 1992 DESS \u2018\u2019Professionnalisation et int\u00e9gration sociale par les activit\u00e9s Physiques &#8211; Ergomotricit\u00e9\u2019\u2019 UFR STAPS &#8211; Universit\u00e9 de NANCY 1 (54) 1990 MAITRISE \u2018\u2019Sport &#8211; Animation &#8211; Gestion &#8211; Formation &#8211; Conseil\u2019\u2019 UFR STAPS &#8211; Universit\u00e9 de NANCY 1 (54) \u00a0 1989 LICENCE d&rsquo;enseignement \u00ab\u00a0Sciences et Techniques des Activit\u00e9s Physiques et Sportives\u00a0\u00bb [&hellip;]","og_url":"https:\/\/isabelle-daumas.com\/index.php\/formations-et-diplomes\/","og_site_name":"Isabelle DAUMAS","article_modified_time":"2024-01-07T20:46:56+00:00","og_image":[{"url":"http:\/\/rainbowantstudio-dev.ovh\/wp-content\/uploads\/elementor\/thumbs\/Line-4-qbdje2nx4gm7jkn6zorgdzczsu8rj9i64fxf4csqyy.png"}],"twitter_card":"summary_large_image","schema":{"@context":"https:\/\/schema.org","@graph":[{"@type":"WebPage","@id":"https:\/\/isabelle-daumas.com\/index.php\/formations-et-diplomes\/","url":"https:\/\/isabelle-daumas.com\/index.php\/formations-et-diplomes\/","name":"Formation Initiale et Dipl\u00f4mes - Isabelle DAUMAS","isPartOf":{"@id":"https:\/\/isabelle-daumas.com\/#website"},"datePublished":"2023-08-26T09:10:07+00:00","dateModified":"2024-01-07T20:46:56+00:00","breadcrumb":{"@id":"https:\/\/isabelle-daumas.com\/index.php\/formations-et-diplomes\/#breadcrumb"},"inLanguage":"fr-FR","potentialAction":[{"@type":"ReadAction","target":["https:\/\/isabelle-daumas.com\/index.php\/formations-et-diplomes\/"]}]},{"@type":"BreadcrumbList","@id":"https:\/\/isabelle-daumas.com\/index.php\/formations-et-diplomes\/#breadcrumb","itemListElement":[{"@type":"ListItem","position":1,"name":"Accueil","item":"https:\/\/isabelle-daumas.com\/"},{"@type":"ListItem","position":2,"name":"Formation Initiale et Dipl\u00f4mes"}]},{"@type":"WebSite","@id":"https:\/\/isabelle-daumas.com\/#website","url":"https:\/\/isabelle-daumas.com\/","name":"Isabelle DAUMAS","description":"Pr\u00e9venir les Risques Professionnels et Promouvoir la Sant\u00e9, c\u2019est possible !","publisher":{"@id":"https:\/\/isabelle-daumas.com\/#organization"},"potentialAction":[{"@type":"SearchAction","target":{"@type":"EntryPoint","urlTemplate":"https:\/\/isabelle-daumas.com\/?s={search_term_string}"},"query-input":"required name=search_term_string"}],"inLanguage":"fr-FR"},{"@type":"Organization","@id":"https:\/\/isabelle-daumas.com\/#organization","name":"Isabelle DAUMAS","url":"https:\/\/isabelle-daumas.com\/","logo":{"@type":"ImageObject","inLanguage":"fr-FR","@id":"https:\/\/isabelle-daumas.com\/#\/schema\/logo\/image\/","url":"https:\/\/isabelle-daumas.com\/wp-content\/uploads\/2023\/08\/cropped-LOGO_Isabelle-DAUMAS_complet-e1701289751194.png","contentUrl":"https:\/\/isabelle-daumas.com\/wp-content\/uploads\/2023\/08\/cropped-LOGO_Isabelle-DAUMAS_complet-e1701289751194.png","width":271,"height":77,"caption":"Isabelle DAUMAS"},"image":{"@id":"https:\/\/isabelle-daumas.com\/#\/schema\/logo\/image\/"}}]}},"_links":{"self":[{"href":"https:\/\/isabelle-daumas.com\/index.php\/wp-json\/wp\/v2\/pages\/239","targetHints":{"allow":["GET"]}}],"collection":[{"href":"https:\/\/isabelle-daumas.com\/index.php\/wp-json\/wp\/v2\/pages"}],"about":[{"href":"https:\/\/isabelle-daumas.com\/index.php\/wp-json\/wp\/v2\/types\/page"}],"author":[{"embeddable":true,"href":"https:\/\/isabelle-daumas.com\/index.php\/wp-json\/wp\/v2\/users\/1"}],"replies":[{"embeddable":true,"href":"https:\/\/isabelle-daumas.com\/index.php\/wp-json\/wp\/v2\/comments?post=239"}],"version-history":[{"count":35,"href":"https:\/\/isabelle-daumas.com\/index.php\/wp-json\/wp\/v2\/pages\/239\/revisions"}],"predecessor-version":[{"id":2271,"href":"https:\/\/isabelle-daumas.com\/index.php\/wp-json\/wp\/v2\/pages\/239\/revisions\/2271"}],"wp:attachment":[{"href":"https:\/\/isabelle-daumas.com\/index.php\/wp-json\/wp\/v2\/media?parent=239"}],"curies":[{"name":"wp","href":"https:\/\/api.w.org\/{rel}","templated":true}]}}