{"id":261,"date":"2023-08-26T11:12:58","date_gmt":"2023-08-26T09:12:58","guid":{"rendered":"https:\/\/rainbowantstudio-dev.ovh\/?page_id=261"},"modified":"2023-11-09T10:05:40","modified_gmt":"2023-11-09T09:05:40","slug":"iprp","status":"publish","type":"page","link":"https:\/\/isabelle-daumas.com\/index.php\/iprp\/","title":{"rendered":"IPRP"},"content":{"rendered":"\t\t<div data-elementor-type=\"wp-page\" data-elementor-id=\"261\" class=\"elementor elementor-261\">\n\t\t\t\t\t\t\t\t\t<section class=\"elementor-section elementor-top-section elementor-element elementor-element-61ab5c5 elementor-section-boxed elementor-section-height-default elementor-section-height-default\" data-id=\"61ab5c5\" data-element_type=\"section\">\n\t\t\t\t\t\t<div class=\"elementor-container elementor-column-gap-default\">\n\t\t\t\t\t<div class=\"elementor-column elementor-col-100 elementor-top-column elementor-element elementor-element-685e90c\" data-id=\"685e90c\" data-element_type=\"column\">\n\t\t\t<div class=\"elementor-widget-wrap elementor-element-populated\">\n\t\t\t\t\t\t\t\t<div class=\"elementor-element elementor-element-d5d0aff elementor-widget__width-auto elementor-widget elementor-widget-image\" data-id=\"d5d0aff\" data-element_type=\"widget\" data-widget_type=\"image.default\">\n\t\t\t\t<div class=\"elementor-widget-container\">\n\t\t\t<style>\/*! elementor - v3.15.0 - 20-08-2023 *\/\n.elementor-widget-image{text-align:center}.elementor-widget-image a{display:inline-block}.elementor-widget-image a img[src$=\".svg\"]{width:48px}.elementor-widget-image img{vertical-align:middle;display:inline-block}<\/style>\t\t\t\t\t\t\t\t\t\t\t\t<img decoding=\"async\" src=\"https:\/\/isabelle-daumas.com\/wp-content\/uploads\/elementor\/thumbs\/Line-4-qbdje1q2xmkx7yok56ctthlj7gdebkefsb9xn2u556.png\" title=\"Line-4.png\" alt=\"Line-4.png\" loading=\"lazy\" \/>\t\t\t\t\t\t\t\t\t\t\t\t\t\t\t<\/div>\n\t\t\t\t<\/div>\n\t\t\t\t<div class=\"elementor-element elementor-element-925d743 elementor-widget__width-auto elementor-widget elementor-widget-text-editor\" data-id=\"925d743\" data-element_type=\"widget\" data-widget_type=\"text-editor.default\">\n\t\t\t\t<div class=\"elementor-widget-container\">\n\t\t\t<style>\/*! elementor - v3.15.0 - 20-08-2023 *\/\n.elementor-widget-text-editor.elementor-drop-cap-view-stacked .elementor-drop-cap{background-color:#69727d;color:#fff}.elementor-widget-text-editor.elementor-drop-cap-view-framed .elementor-drop-cap{color:#69727d;border:3px solid;background-color:transparent}.elementor-widget-text-editor:not(.elementor-drop-cap-view-default) .elementor-drop-cap{margin-top:8px}.elementor-widget-text-editor:not(.elementor-drop-cap-view-default) .elementor-drop-cap-letter{width:1em;height:1em}.elementor-widget-text-editor .elementor-drop-cap{float:left;text-align:center;line-height:1;font-size:50px}.elementor-widget-text-editor .elementor-drop-cap-letter{display:inline-block}<\/style>\t\t\t\t<p>IPRP<\/p>\t\t\t\t\t\t<\/div>\n\t\t\t\t<\/div>\n\t\t\t\t\t<\/div>\n\t\t<\/div>\n\t\t\t\t\t\t\t<\/div>\n\t\t<\/section>\n\t\t\t\t<section class=\"elementor-section elementor-top-section elementor-element elementor-element-ba42837 elementor-section-content-middle elementor-section-boxed elementor-section-height-default elementor-section-height-default\" data-id=\"ba42837\" data-element_type=\"section\">\n\t\t\t\t\t\t<div class=\"elementor-container elementor-column-gap-default\">\n\t\t\t\t\t<div class=\"elementor-column elementor-col-33 elementor-top-column elementor-element elementor-element-344dd23\" data-id=\"344dd23\" data-element_type=\"column\">\n\t\t\t<div class=\"elementor-widget-wrap elementor-element-populated\">\n\t\t\t\t\t\t\t\t<div class=\"elementor-element elementor-element-c84ad8b elementor-widget elementor-widget-image\" data-id=\"c84ad8b\" data-element_type=\"widget\" data-widget_type=\"image.default\">\n\t\t\t\t<div class=\"elementor-widget-container\">\n\t\t\t\t\t\t\t\t\t\t\t\t\t\t\t<img loading=\"lazy\" decoding=\"async\" width=\"257\" height=\"193\" src=\"https:\/\/isabelle-daumas.com\/wp-content\/uploads\/2023\/11\/IPRP.jpg\" class=\"attachment-large size-large wp-image-1271\" alt=\"\" \/>\t\t\t\t\t\t\t\t\t\t\t\t\t\t\t<\/div>\n\t\t\t\t<\/div>\n\t\t\t\t\t<\/div>\n\t\t<\/div>\n\t\t\t\t<div class=\"elementor-column elementor-col-66 elementor-top-column elementor-element elementor-element-d85b9cf\" data-id=\"d85b9cf\" data-element_type=\"column\">\n\t\t\t<div class=\"elementor-widget-wrap elementor-element-populated\">\n\t\t\t\t\t\t\t\t<div class=\"elementor-element elementor-element-6135f8d elementor-widget elementor-widget-text-editor\" data-id=\"6135f8d\" data-element_type=\"widget\" data-widget_type=\"text-editor.default\">\n\t\t\t\t<div class=\"elementor-widget-container\">\n\t\t\t\t\t\t\t<p>Depuis 2005, Intervenante en Pr\u00e9vention des Risques Professionnels (IPRP), habilit\u00e9e au titre de la comp\u00e9tence technique par le Coll\u00e8ge Inter R\u00e9gional N\u00b04 \u00ab\u00a0Auvergne-Languedoc Roussillon- PACA\/Corse &#8211; Rh\u00f4ne Alpes\u00a0\u00bb.<\/p><p>Depuis 2014, Enregistr\u00e9e en tant qu\u2019IPRP aupr\u00e8s de la DIRECCTE Bretagne.<\/p>\t\t\t\t\t\t<\/div>\n\t\t\t\t<\/div>\n\t\t\t\t<div class=\"elementor-element elementor-element-49649cc elementor-widget-divider--view-line elementor-widget elementor-widget-divider\" data-id=\"49649cc\" data-element_type=\"widget\" data-widget_type=\"divider.default\">\n\t\t\t\t<div class=\"elementor-widget-container\">\n\t\t\t<style>\/*! elementor - v3.15.0 - 20-08-2023 *\/\n.elementor-widget-divider{--divider-border-style:none;--divider-border-width:1px;--divider-color:#0c0d0e;--divider-icon-size:20px;--divider-element-spacing:10px;--divider-pattern-height:24px;--divider-pattern-size:20px;--divider-pattern-url:none;--divider-pattern-repeat:repeat-x}.elementor-widget-divider .elementor-divider{display:flex}.elementor-widget-divider .elementor-divider__text{font-size:15px;line-height:1;max-width:95%}.elementor-widget-divider .elementor-divider__element{margin:0 var(--divider-element-spacing);flex-shrink:0}.elementor-widget-divider .elementor-icon{font-size:var(--divider-icon-size)}.elementor-widget-divider .elementor-divider-separator{display:flex;margin:0;direction:ltr}.elementor-widget-divider--view-line_icon .elementor-divider-separator,.elementor-widget-divider--view-line_text .elementor-divider-separator{align-items:center}.elementor-widget-divider--view-line_icon .elementor-divider-separator:after,.elementor-widget-divider--view-line_icon .elementor-divider-separator:before,.elementor-widget-divider--view-line_text .elementor-divider-separator:after,.elementor-widget-divider--view-line_text .elementor-divider-separator:before{display:block;content:\"\";border-bottom:0;flex-grow:1;border-top:var(--divider-border-width) var(--divider-border-style) var(--divider-color)}.elementor-widget-divider--element-align-left .elementor-divider .elementor-divider-separator>.elementor-divider__svg:first-of-type{flex-grow:0;flex-shrink:100}.elementor-widget-divider--element-align-left .elementor-divider-separator:before{content:none}.elementor-widget-divider--element-align-left .elementor-divider__element{margin-left:0}.elementor-widget-divider--element-align-right .elementor-divider .elementor-divider-separator>.elementor-divider__svg:last-of-type{flex-grow:0;flex-shrink:100}.elementor-widget-divider--element-align-right .elementor-divider-separator:after{content:none}.elementor-widget-divider--element-align-right .elementor-divider__element{margin-right:0}.elementor-widget-divider:not(.elementor-widget-divider--view-line_text):not(.elementor-widget-divider--view-line_icon) .elementor-divider-separator{border-top:var(--divider-border-width) var(--divider-border-style) var(--divider-color)}.elementor-widget-divider--separator-type-pattern{--divider-border-style:none}.elementor-widget-divider--separator-type-pattern.elementor-widget-divider--view-line .elementor-divider-separator,.elementor-widget-divider--separator-type-pattern:not(.elementor-widget-divider--view-line) .elementor-divider-separator:after,.elementor-widget-divider--separator-type-pattern:not(.elementor-widget-divider--view-line) .elementor-divider-separator:before,.elementor-widget-divider--separator-type-pattern:not([class*=elementor-widget-divider--view]) .elementor-divider-separator{width:100%;min-height:var(--divider-pattern-height);-webkit-mask-size:var(--divider-pattern-size) 100%;mask-size:var(--divider-pattern-size) 100%;-webkit-mask-repeat:var(--divider-pattern-repeat);mask-repeat:var(--divider-pattern-repeat);background-color:var(--divider-color);-webkit-mask-image:var(--divider-pattern-url);mask-image:var(--divider-pattern-url)}.elementor-widget-divider--no-spacing{--divider-pattern-size:auto}.elementor-widget-divider--bg-round{--divider-pattern-repeat:round}.rtl .elementor-widget-divider .elementor-divider__text{direction:rtl}.e-con-inner>.elementor-widget-divider,.e-con>.elementor-widget-divider{width:var(--container-widget-width,100%);--flex-grow:var(--container-widget-flex-grow)}<\/style>\t\t<div class=\"elementor-divider\">\n\t\t\t<span class=\"elementor-divider-separator\">\n\t\t\t\t\t\t<\/span>\n\t\t<\/div>\n\t\t\t\t<\/div>\n\t\t\t\t<\/div>\n\t\t\t\t<div class=\"elementor-element elementor-element-c3e111d elementor-widget elementor-widget-image\" data-id=\"c3e111d\" data-element_type=\"widget\" data-widget_type=\"image.default\">\n\t\t\t\t<div class=\"elementor-widget-container\">\n\t\t\t\t\t\t\t\t\t\t\t\t\t\t\t<img loading=\"lazy\" decoding=\"async\" width=\"505\" height=\"87\" src=\"https:\/\/isabelle-daumas.com\/wp-content\/uploads\/2023\/09\/IPRP2.jpg\" class=\"attachment-large size-large wp-image-674\" alt=\"\" srcset=\"https:\/\/isabelle-daumas.com\/wp-content\/uploads\/2023\/09\/IPRP2.jpg 505w, https:\/\/isabelle-daumas.com\/wp-content\/uploads\/2023\/09\/IPRP2-300x52.jpg 300w\" sizes=\"auto, (max-width: 505px) 100vw, 505px\" \/>\t\t\t\t\t\t\t\t\t\t\t\t\t\t\t<\/div>\n\t\t\t\t<\/div>\n\t\t\t\t\t<\/div>\n\t\t<\/div>\n\t\t\t\t\t\t\t<\/div>\n\t\t<\/section>\n\t\t\t\t\t\t\t<\/div>\n\t\t","protected":false},"excerpt":{"rendered":"<p>IPRP Depuis 2005, Intervenante en Pr\u00e9vention des Risques Professionnels (IPRP), habilit\u00e9e au titre de la comp\u00e9tence technique par le Coll\u00e8ge Inter R\u00e9gional N\u00b04 \u00ab\u00a0Auvergne-Languedoc Roussillon- PACA\/Corse &#8211; Rh\u00f4ne Alpes\u00a0\u00bb. Depuis 2014, Enregistr\u00e9e en tant qu\u2019IPRP aupr\u00e8s de la DIRECCTE Bretagne.<\/p>\n","protected":false},"author":1,"featured_media":0,"parent":0,"menu_order":0,"comment_status":"closed","ping_status":"closed","template":"elementor_header_footer","meta":{"footnotes":""},"class_list":["post-261","page","type-page","status-publish","hentry"],"yoast_head":"<!-- This site is optimized with the Yoast SEO plugin v22.0 - https:\/\/yoast.com\/wordpress\/plugins\/seo\/ -->\n<title>IPRP - Isabelle DAUMAS<\/title>\n<meta name=\"robots\" content=\"index, follow, max-snippet:-1, max-image-preview:large, max-video-preview:-1\" \/>\n<link rel=\"canonical\" href=\"https:\/\/isabelle-daumas.com\/index.php\/iprp\/\" \/>\n<meta property=\"og:locale\" content=\"fr_FR\" \/>\n<meta property=\"og:type\" content=\"article\" \/>\n<meta property=\"og:title\" content=\"IPRP - Isabelle DAUMAS\" \/>\n<meta property=\"og:description\" content=\"IPRP Depuis 2005, Intervenante en Pr\u00e9vention des Risques Professionnels (IPRP), habilit\u00e9e au titre de la comp\u00e9tence technique par le Coll\u00e8ge Inter R\u00e9gional N\u00b04 \u00ab\u00a0Auvergne-Languedoc Roussillon- PACA\/Corse &#8211; Rh\u00f4ne Alpes\u00a0\u00bb. Depuis 2014, Enregistr\u00e9e en tant qu\u2019IPRP aupr\u00e8s de la DIRECCTE Bretagne.\" \/>\n<meta property=\"og:url\" content=\"https:\/\/isabelle-daumas.com\/index.php\/iprp\/\" \/>\n<meta property=\"og:site_name\" content=\"Isabelle DAUMAS\" \/>\n<meta property=\"article:modified_time\" content=\"2023-11-09T09:05:40+00:00\" \/>\n<meta property=\"og:image\" content=\"http:\/\/rainbowantstudio-dev.ovh\/wp-content\/uploads\/elementor\/thumbs\/Line-4-qbdje2nx4gm7jkn6zorgdzczsu8rj9i64fxf4csqyy.png\" \/>\n<meta name=\"twitter:card\" content=\"summary_large_image\" \/>\n<script type=\"application\/ld+json\" class=\"yoast-schema-graph\">{\"@context\":\"https:\/\/schema.org\",\"@graph\":[{\"@type\":\"WebPage\",\"@id\":\"https:\/\/isabelle-daumas.com\/index.php\/iprp\/\",\"url\":\"https:\/\/isabelle-daumas.com\/index.php\/iprp\/\",\"name\":\"IPRP - Isabelle DAUMAS\",\"isPartOf\":{\"@id\":\"https:\/\/isabelle-daumas.com\/#website\"},\"datePublished\":\"2023-08-26T09:12:58+00:00\",\"dateModified\":\"2023-11-09T09:05:40+00:00\",\"breadcrumb\":{\"@id\":\"https:\/\/isabelle-daumas.com\/index.php\/iprp\/#breadcrumb\"},\"inLanguage\":\"fr-FR\",\"potentialAction\":[{\"@type\":\"ReadAction\",\"target\":[\"https:\/\/isabelle-daumas.com\/index.php\/iprp\/\"]}]},{\"@type\":\"BreadcrumbList\",\"@id\":\"https:\/\/isabelle-daumas.com\/index.php\/iprp\/#breadcrumb\",\"itemListElement\":[{\"@type\":\"ListItem\",\"position\":1,\"name\":\"Accueil\",\"item\":\"https:\/\/isabelle-daumas.com\/\"},{\"@type\":\"ListItem\",\"position\":2,\"name\":\"IPRP\"}]},{\"@type\":\"WebSite\",\"@id\":\"https:\/\/isabelle-daumas.com\/#website\",\"url\":\"https:\/\/isabelle-daumas.com\/\",\"name\":\"Isabelle DAUMAS\",\"description\":\"Pr\u00e9venir les Risques Professionnels et Promouvoir la Sant\u00e9, c\u2019est possible !\",\"publisher\":{\"@id\":\"https:\/\/isabelle-daumas.com\/#organization\"},\"potentialAction\":[{\"@type\":\"SearchAction\",\"target\":{\"@type\":\"EntryPoint\",\"urlTemplate\":\"https:\/\/isabelle-daumas.com\/?s={search_term_string}\"},\"query-input\":\"required name=search_term_string\"}],\"inLanguage\":\"fr-FR\"},{\"@type\":\"Organization\",\"@id\":\"https:\/\/isabelle-daumas.com\/#organization\",\"name\":\"Isabelle DAUMAS\",\"url\":\"https:\/\/isabelle-daumas.com\/\",\"logo\":{\"@type\":\"ImageObject\",\"inLanguage\":\"fr-FR\",\"@id\":\"https:\/\/isabelle-daumas.com\/#\/schema\/logo\/image\/\",\"url\":\"https:\/\/isabelle-daumas.com\/wp-content\/uploads\/2023\/08\/cropped-LOGO_Isabelle-DAUMAS_complet-e1701289751194.png\",\"contentUrl\":\"https:\/\/isabelle-daumas.com\/wp-content\/uploads\/2023\/08\/cropped-LOGO_Isabelle-DAUMAS_complet-e1701289751194.png\",\"width\":271,\"height\":77,\"caption\":\"Isabelle DAUMAS\"},\"image\":{\"@id\":\"https:\/\/isabelle-daumas.com\/#\/schema\/logo\/image\/\"}}]}<\/script>\n<!-- \/ Yoast SEO plugin. -->","yoast_head_json":{"title":"IPRP - Isabelle DAUMAS","robots":{"index":"index","follow":"follow","max-snippet":"max-snippet:-1","max-image-preview":"max-image-preview:large","max-video-preview":"max-video-preview:-1"},"canonical":"https:\/\/isabelle-daumas.com\/index.php\/iprp\/","og_locale":"fr_FR","og_type":"article","og_title":"IPRP - Isabelle DAUMAS","og_description":"IPRP Depuis 2005, Intervenante en Pr\u00e9vention des Risques Professionnels (IPRP), habilit\u00e9e au titre de la comp\u00e9tence technique par le Coll\u00e8ge Inter R\u00e9gional N\u00b04 \u00ab\u00a0Auvergne-Languedoc Roussillon- PACA\/Corse &#8211; Rh\u00f4ne Alpes\u00a0\u00bb. Depuis 2014, Enregistr\u00e9e en tant qu\u2019IPRP aupr\u00e8s de la DIRECCTE Bretagne.","og_url":"https:\/\/isabelle-daumas.com\/index.php\/iprp\/","og_site_name":"Isabelle DAUMAS","article_modified_time":"2023-11-09T09:05:40+00:00","og_image":[{"url":"http:\/\/rainbowantstudio-dev.ovh\/wp-content\/uploads\/elementor\/thumbs\/Line-4-qbdje2nx4gm7jkn6zorgdzczsu8rj9i64fxf4csqyy.png"}],"twitter_card":"summary_large_image","schema":{"@context":"https:\/\/schema.org","@graph":[{"@type":"WebPage","@id":"https:\/\/isabelle-daumas.com\/index.php\/iprp\/","url":"https:\/\/isabelle-daumas.com\/index.php\/iprp\/","name":"IPRP - Isabelle DAUMAS","isPartOf":{"@id":"https:\/\/isabelle-daumas.com\/#website"},"datePublished":"2023-08-26T09:12:58+00:00","dateModified":"2023-11-09T09:05:40+00:00","breadcrumb":{"@id":"https:\/\/isabelle-daumas.com\/index.php\/iprp\/#breadcrumb"},"inLanguage":"fr-FR","potentialAction":[{"@type":"ReadAction","target":["https:\/\/isabelle-daumas.com\/index.php\/iprp\/"]}]},{"@type":"BreadcrumbList","@id":"https:\/\/isabelle-daumas.com\/index.php\/iprp\/#breadcrumb","itemListElement":[{"@type":"ListItem","position":1,"name":"Accueil","item":"https:\/\/isabelle-daumas.com\/"},{"@type":"ListItem","position":2,"name":"IPRP"}]},{"@type":"WebSite","@id":"https:\/\/isabelle-daumas.com\/#website","url":"https:\/\/isabelle-daumas.com\/","name":"Isabelle DAUMAS","description":"Pr\u00e9venir les Risques Professionnels et Promouvoir la Sant\u00e9, c\u2019est possible !","publisher":{"@id":"https:\/\/isabelle-daumas.com\/#organization"},"potentialAction":[{"@type":"SearchAction","target":{"@type":"EntryPoint","urlTemplate":"https:\/\/isabelle-daumas.com\/?s={search_term_string}"},"query-input":"required name=search_term_string"}],"inLanguage":"fr-FR"},{"@type":"Organization","@id":"https:\/\/isabelle-daumas.com\/#organization","name":"Isabelle DAUMAS","url":"https:\/\/isabelle-daumas.com\/","logo":{"@type":"ImageObject","inLanguage":"fr-FR","@id":"https:\/\/isabelle-daumas.com\/#\/schema\/logo\/image\/","url":"https:\/\/isabelle-daumas.com\/wp-content\/uploads\/2023\/08\/cropped-LOGO_Isabelle-DAUMAS_complet-e1701289751194.png","contentUrl":"https:\/\/isabelle-daumas.com\/wp-content\/uploads\/2023\/08\/cropped-LOGO_Isabelle-DAUMAS_complet-e1701289751194.png","width":271,"height":77,"caption":"Isabelle DAUMAS"},"image":{"@id":"https:\/\/isabelle-daumas.com\/#\/schema\/logo\/image\/"}}]}},"_links":{"self":[{"href":"https:\/\/isabelle-daumas.com\/index.php\/wp-json\/wp\/v2\/pages\/261","targetHints":{"allow":["GET"]}}],"collection":[{"href":"https:\/\/isabelle-daumas.com\/index.php\/wp-json\/wp\/v2\/pages"}],"about":[{"href":"https:\/\/isabelle-daumas.com\/index.php\/wp-json\/wp\/v2\/types\/page"}],"author":[{"embeddable":true,"href":"https:\/\/isabelle-daumas.com\/index.php\/wp-json\/wp\/v2\/users\/1"}],"replies":[{"embeddable":true,"href":"https:\/\/isabelle-daumas.com\/index.php\/wp-json\/wp\/v2\/comments?post=261"}],"version-history":[{"count":28,"href":"https:\/\/isabelle-daumas.com\/index.php\/wp-json\/wp\/v2\/pages\/261\/revisions"}],"predecessor-version":[{"id":1274,"href":"https:\/\/isabelle-daumas.com\/index.php\/wp-json\/wp\/v2\/pages\/261\/revisions\/1274"}],"wp:attachment":[{"href":"https:\/\/isabelle-daumas.com\/index.php\/wp-json\/wp\/v2\/media?parent=261"}],"curies":[{"name":"wp","href":"https:\/\/api.w.org\/{rel}","templated":true}]}}