{"id":280,"date":"2023-08-26T11:17:48","date_gmt":"2023-08-26T09:17:48","guid":{"rendered":"https:\/\/rainbowantstudio-dev.ovh\/?page_id=280"},"modified":"2023-12-02T14:26:35","modified_gmt":"2023-12-02T13:26:35","slug":"mieux-etre","status":"publish","type":"page","link":"https:\/\/isabelle-daumas.com\/index.php\/mieux-etre\/","title":{"rendered":"Mieux-Etre"},"content":{"rendered":"\t\t<div data-elementor-type=\"wp-page\" data-elementor-id=\"280\" class=\"elementor elementor-280\">\n\t\t\t\t\t\t\t\t\t<section class=\"elementor-section elementor-top-section elementor-element elementor-element-8697974 elementor-section-boxed elementor-section-height-default elementor-section-height-default\" data-id=\"8697974\" data-element_type=\"section\">\n\t\t\t\t\t\t<div class=\"elementor-container elementor-column-gap-default\">\n\t\t\t\t\t<div class=\"elementor-column elementor-col-100 elementor-top-column elementor-element elementor-element-7a81f2a\" data-id=\"7a81f2a\" data-element_type=\"column\">\n\t\t\t<div class=\"elementor-widget-wrap elementor-element-populated\">\n\t\t\t\t\t\t\t\t<div class=\"elementor-element elementor-element-536e02a elementor-widget__width-auto elementor-widget elementor-widget-image\" data-id=\"536e02a\" data-element_type=\"widget\" data-widget_type=\"image.default\">\n\t\t\t\t<div class=\"elementor-widget-container\">\n\t\t\t<style>\/*! elementor - v3.15.0 - 20-08-2023 *\/\n.elementor-widget-image{text-align:center}.elementor-widget-image a{display:inline-block}.elementor-widget-image a img[src$=\".svg\"]{width:48px}.elementor-widget-image img{vertical-align:middle;display:inline-block}<\/style>\t\t\t\t\t\t\t\t\t\t\t\t<img decoding=\"async\" src=\"https:\/\/isabelle-daumas.com\/wp-content\/uploads\/elementor\/thumbs\/Line-4-qbdje1q2xmkx7yok56ctthlj7gdebkefsb9xn2u556.png\" title=\"Line-4.png\" alt=\"Line-4.png\" loading=\"lazy\" \/>\t\t\t\t\t\t\t\t\t\t\t\t\t\t\t<\/div>\n\t\t\t\t<\/div>\n\t\t\t\t<div class=\"elementor-element elementor-element-69b3cda elementor-widget__width-auto elementor-widget elementor-widget-text-editor\" data-id=\"69b3cda\" data-element_type=\"widget\" data-widget_type=\"text-editor.default\">\n\t\t\t\t<div class=\"elementor-widget-container\">\n\t\t\t<style>\/*! elementor - v3.15.0 - 20-08-2023 *\/\n.elementor-widget-text-editor.elementor-drop-cap-view-stacked .elementor-drop-cap{background-color:#69727d;color:#fff}.elementor-widget-text-editor.elementor-drop-cap-view-framed .elementor-drop-cap{color:#69727d;border:3px solid;background-color:transparent}.elementor-widget-text-editor:not(.elementor-drop-cap-view-default) .elementor-drop-cap{margin-top:8px}.elementor-widget-text-editor:not(.elementor-drop-cap-view-default) .elementor-drop-cap-letter{width:1em;height:1em}.elementor-widget-text-editor .elementor-drop-cap{float:left;text-align:center;line-height:1;font-size:50px}.elementor-widget-text-editor .elementor-drop-cap-letter{display:inline-block}<\/style>\t\t\t\t<p>MIEUX-\u00caTRE<\/p>\t\t\t\t\t\t<\/div>\n\t\t\t\t<\/div>\n\t\t\t\t\t<\/div>\n\t\t<\/div>\n\t\t\t\t\t\t\t<\/div>\n\t\t<\/section>\n\t\t\t\t<section class=\"elementor-section elementor-top-section elementor-element elementor-element-4c72d32 elementor-section-boxed elementor-section-height-default elementor-section-height-default\" data-id=\"4c72d32\" data-element_type=\"section\">\n\t\t\t\t\t\t<div class=\"elementor-container elementor-column-gap-default\">\n\t\t\t\t\t<div class=\"elementor-column elementor-col-33 elementor-top-column elementor-element elementor-element-20f48bc\" data-id=\"20f48bc\" data-element_type=\"column\">\n\t\t\t<div class=\"elementor-widget-wrap elementor-element-populated\">\n\t\t\t\t\t\t\t\t<div class=\"elementor-element elementor-element-f610938 elementor-widget elementor-widget-image\" data-id=\"f610938\" data-element_type=\"widget\" data-widget_type=\"image.default\">\n\t\t\t\t<div class=\"elementor-widget-container\">\n\t\t\t\t\t\t\t\t\t\t\t\t\t\t\t<img loading=\"lazy\" decoding=\"async\" width=\"800\" height=\"721\" src=\"https:\/\/isabelle-daumas.com\/wp-content\/uploads\/2023\/09\/LOGO-Mieux-Etre_texte-1024x923.png\" class=\"attachment-large size-large wp-image-746\" alt=\"\" srcset=\"https:\/\/isabelle-daumas.com\/wp-content\/uploads\/2023\/09\/LOGO-Mieux-Etre_texte-1024x923.png 1024w, https:\/\/isabelle-daumas.com\/wp-content\/uploads\/2023\/09\/LOGO-Mieux-Etre_texte-300x270.png 300w, https:\/\/isabelle-daumas.com\/wp-content\/uploads\/2023\/09\/LOGO-Mieux-Etre_texte-768x692.png 768w, https:\/\/isabelle-daumas.com\/wp-content\/uploads\/2023\/09\/LOGO-Mieux-Etre_texte.png 1273w\" sizes=\"auto, (max-width: 800px) 100vw, 800px\" \/>\t\t\t\t\t\t\t\t\t\t\t\t\t\t\t<\/div>\n\t\t\t\t<\/div>\n\t\t\t\t\t<\/div>\n\t\t<\/div>\n\t\t\t\t<div class=\"elementor-column elementor-col-66 elementor-top-column elementor-element elementor-element-fe2cbb4\" data-id=\"fe2cbb4\" data-element_type=\"column\">\n\t\t\t<div class=\"elementor-widget-wrap elementor-element-populated\">\n\t\t\t\t\t\t\t\t<div class=\"elementor-element elementor-element-417878f elementor-widget elementor-widget-text-editor\" data-id=\"417878f\" data-element_type=\"widget\" data-widget_type=\"text-editor.default\">\n\t\t\t\t<div class=\"elementor-widget-container\">\n\t\t\t\t\t\t\t<p>Donner des clefs, aux individus comme aux organisations, pour d\u00e9velopper le \u00a0bien-\u00eatre au travail tel que d\u00e9finit par l\u2019OMS \u00ab\u00a0un \u00e9tat d&rsquo;esprit caract\u00e9ris\u00e9 par une harmonie satisfaisante entre d&rsquo;un c\u00f4t\u00e9 les aptitudes, les besoins et les aspirations du travailleur, et de l&rsquo;autre les contraintes et les possibilit\u00e9s du milieu de travail\u00a0\u00bb.<\/p><p>Agir sur le bien-\u00eatre des individus impacte positivement la sant\u00e9 des organisations :<\/p><ul style=\"list-style: url('http:\/\/rainbowantstudio-dev.ovh\/wp-content\/uploads\/2023\/11\/Ellipse-orange.png;\"><li class=\"LC20lb MBeuO DKV0Md\">R\u00e9duction des d\u00e9penses li\u00e9es \u00e0 la sant\u00e9, aux absences et incapacit\u00e9s<\/li><li class=\"LC20lb MBeuO DKV0Md\">Communication et relations professionnelles am\u00e9lior\u00e9es<\/li><li class=\"LC20lb MBeuO DKV0Md\">Augmentation de la capacit\u00e9 au travail des employ\u00e9s<\/li><li class=\"LC20lb MBeuO DKV0Md\">Meilleure performance financi\u00e8re et comp\u00e9titivit\u00e9 de l\u2019entreprise<\/li><li class=\"LC20lb MBeuO DKV0Md\">Meilleure image de marque de l&rsquo;entreprise<\/li><\/ul>\t\t\t\t\t\t<\/div>\n\t\t\t\t<\/div>\n\t\t\t\t<section class=\"elementor-section elementor-inner-section elementor-element elementor-element-f0f4725 elementor-section-boxed elementor-section-height-default elementor-section-height-default\" data-id=\"f0f4725\" data-element_type=\"section\">\n\t\t\t\t\t\t<div class=\"elementor-container elementor-column-gap-default\">\n\t\t\t\t\t<div class=\"elementor-column elementor-col-25 elementor-inner-column elementor-element elementor-element-524ff4f\" data-id=\"524ff4f\" data-element_type=\"column\">\n\t\t\t<div class=\"elementor-widget-wrap elementor-element-populated\">\n\t\t\t\t\t\t\t\t<div class=\"elementor-element elementor-element-ac65761 elementor-widget elementor-widget-heading\" data-id=\"ac65761\" data-element_type=\"widget\" data-widget_type=\"heading.default\">\n\t\t\t\t<div class=\"elementor-widget-container\">\n\t\t\t<style>\/*! elementor - v3.15.0 - 20-08-2023 *\/\n.elementor-heading-title{padding:0;margin:0;line-height:1}.elementor-widget-heading .elementor-heading-title[class*=elementor-size-]>a{color:inherit;font-size:inherit;line-height:inherit}.elementor-widget-heading .elementor-heading-title.elementor-size-small{font-size:15px}.elementor-widget-heading .elementor-heading-title.elementor-size-medium{font-size:19px}.elementor-widget-heading .elementor-heading-title.elementor-size-large{font-size:29px}.elementor-widget-heading .elementor-heading-title.elementor-size-xl{font-size:39px}.elementor-widget-heading .elementor-heading-title.elementor-size-xxl{font-size:59px}<\/style><h6 class=\"elementor-heading-title elementor-size-default\"><a href=\"https:\/\/isabelle-daumas.ovh\/index.php\/formation-et-sensibilisation\/\">Formation sensibilisation<\/a><\/h6>\t\t<\/div>\n\t\t\t\t<\/div>\n\t\t\t\t\t<\/div>\n\t\t<\/div>\n\t\t\t\t<div class=\"elementor-column elementor-col-25 elementor-inner-column elementor-element elementor-element-7c51ad0\" data-id=\"7c51ad0\" data-element_type=\"column\">\n\t\t\t<div class=\"elementor-widget-wrap elementor-element-populated\">\n\t\t\t\t\t\t\t\t<div class=\"elementor-element elementor-element-9ba6b09 elementor-widget elementor-widget-heading\" data-id=\"9ba6b09\" data-element_type=\"widget\" data-widget_type=\"heading.default\">\n\t\t\t\t<div class=\"elementor-widget-container\">\n\t\t\t<h6 class=\"elementor-heading-title elementor-size-default\"><a href=\"https:\/\/isabelle-daumas.ovh\/index.php\/audits-et-conseils\/\">Audit RPS <\/a><\/h6>\t\t<\/div>\n\t\t\t\t<\/div>\n\t\t\t\t\t<\/div>\n\t\t<\/div>\n\t\t\t\t<div class=\"elementor-column elementor-col-25 elementor-inner-column elementor-element elementor-element-b551b8a\" data-id=\"b551b8a\" data-element_type=\"column\">\n\t\t\t<div class=\"elementor-widget-wrap elementor-element-populated\">\n\t\t\t\t\t\t\t\t<div class=\"elementor-element elementor-element-30c5e43 elementor-widget elementor-widget-heading\" data-id=\"30c5e43\" data-element_type=\"widget\" data-widget_type=\"heading.default\">\n\t\t\t\t<div class=\"elementor-widget-container\">\n\t\t\t<h6 class=\"elementor-heading-title elementor-size-default\"><a href=\"https:\/\/isabelle-daumas.ovh\/index.php\/conference-atelier\/\">Conf\u00e9rence Atelier<\/a><\/h6>\t\t<\/div>\n\t\t\t\t<\/div>\n\t\t\t\t\t<\/div>\n\t\t<\/div>\n\t\t\t\t<div class=\"elementor-column elementor-col-25 elementor-inner-column elementor-element elementor-element-d293d8a\" data-id=\"d293d8a\" data-element_type=\"column\">\n\t\t\t<div class=\"elementor-widget-wrap elementor-element-populated\">\n\t\t\t\t\t\t\t\t<div class=\"elementor-element elementor-element-c7ace84 elementor-widget elementor-widget-heading\" data-id=\"c7ace84\" data-element_type=\"widget\" data-widget_type=\"heading.default\">\n\t\t\t\t<div class=\"elementor-widget-container\">\n\t\t\t<h6 class=\"elementor-heading-title elementor-size-default\"><a href=\"https:\/\/isabelle-daumas.ovh\/index.php\/coaching-individuel\/\">Coaching<\/a><\/h6>\t\t<\/div>\n\t\t\t\t<\/div>\n\t\t\t\t\t<\/div>\n\t\t<\/div>\n\t\t\t\t\t\t\t<\/div>\n\t\t<\/section>\n\t\t\t\t\t<\/div>\n\t\t<\/div>\n\t\t\t\t\t\t\t<\/div>\n\t\t<\/section>\n\t\t\t\t\t\t\t<\/div>\n\t\t","protected":false},"excerpt":{"rendered":"<p>MIEUX-\u00caTRE Donner des clefs, aux individus comme aux organisations, pour d\u00e9velopper le \u00a0bien-\u00eatre au travail tel que d\u00e9finit par l\u2019OMS \u00ab\u00a0un \u00e9tat d&rsquo;esprit caract\u00e9ris\u00e9 par une harmonie satisfaisante entre d&rsquo;un c\u00f4t\u00e9 les aptitudes, les besoins et les aspirations du travailleur, et de l&rsquo;autre les contraintes et les possibilit\u00e9s du milieu de travail\u00a0\u00bb. Agir sur le [&hellip;]<\/p>\n","protected":false},"author":1,"featured_media":0,"parent":0,"menu_order":0,"comment_status":"closed","ping_status":"closed","template":"elementor_header_footer","meta":{"footnotes":""},"class_list":["post-280","page","type-page","status-publish","hentry"],"yoast_head":"<!-- This site is optimized with the Yoast SEO plugin v22.0 - https:\/\/yoast.com\/wordpress\/plugins\/seo\/ -->\n<title>Mieux-Etre - Isabelle DAUMAS<\/title>\n<meta name=\"robots\" content=\"index, follow, max-snippet:-1, max-image-preview:large, max-video-preview:-1\" \/>\n<link rel=\"canonical\" href=\"https:\/\/isabelle-daumas.com\/index.php\/mieux-etre\/\" \/>\n<meta property=\"og:locale\" content=\"fr_FR\" \/>\n<meta property=\"og:type\" content=\"article\" \/>\n<meta property=\"og:title\" content=\"Mieux-Etre - Isabelle DAUMAS\" \/>\n<meta property=\"og:description\" content=\"MIEUX-\u00caTRE Donner des clefs, aux individus comme aux organisations, pour d\u00e9velopper le \u00a0bien-\u00eatre au travail tel que d\u00e9finit par l\u2019OMS \u00ab\u00a0un \u00e9tat d&rsquo;esprit caract\u00e9ris\u00e9 par une harmonie satisfaisante entre d&rsquo;un c\u00f4t\u00e9 les aptitudes, les besoins et les aspirations du travailleur, et de l&rsquo;autre les contraintes et les possibilit\u00e9s du milieu de travail\u00a0\u00bb. Agir sur le [&hellip;]\" \/>\n<meta property=\"og:url\" content=\"https:\/\/isabelle-daumas.com\/index.php\/mieux-etre\/\" \/>\n<meta property=\"og:site_name\" content=\"Isabelle DAUMAS\" \/>\n<meta property=\"article:modified_time\" content=\"2023-12-02T13:26:35+00:00\" \/>\n<meta property=\"og:image\" content=\"http:\/\/rainbowantstudio-dev.ovh\/wp-content\/uploads\/elementor\/thumbs\/Line-4-qbdje2nx4gm7jkn6zorgdzczsu8rj9i64fxf4csqyy.png\" \/>\n<meta name=\"twitter:card\" content=\"summary_large_image\" \/>\n<meta name=\"twitter:label1\" content=\"Dur\u00e9e de lecture estim\u00e9e\" \/>\n\t<meta name=\"twitter:data1\" content=\"1 minute\" \/>\n<script type=\"application\/ld+json\" class=\"yoast-schema-graph\">{\"@context\":\"https:\/\/schema.org\",\"@graph\":[{\"@type\":\"WebPage\",\"@id\":\"https:\/\/isabelle-daumas.com\/index.php\/mieux-etre\/\",\"url\":\"https:\/\/isabelle-daumas.com\/index.php\/mieux-etre\/\",\"name\":\"Mieux-Etre - Isabelle DAUMAS\",\"isPartOf\":{\"@id\":\"https:\/\/isabelle-daumas.com\/#website\"},\"datePublished\":\"2023-08-26T09:17:48+00:00\",\"dateModified\":\"2023-12-02T13:26:35+00:00\",\"breadcrumb\":{\"@id\":\"https:\/\/isabelle-daumas.com\/index.php\/mieux-etre\/#breadcrumb\"},\"inLanguage\":\"fr-FR\",\"potentialAction\":[{\"@type\":\"ReadAction\",\"target\":[\"https:\/\/isabelle-daumas.com\/index.php\/mieux-etre\/\"]}]},{\"@type\":\"BreadcrumbList\",\"@id\":\"https:\/\/isabelle-daumas.com\/index.php\/mieux-etre\/#breadcrumb\",\"itemListElement\":[{\"@type\":\"ListItem\",\"position\":1,\"name\":\"Accueil\",\"item\":\"https:\/\/isabelle-daumas.com\/\"},{\"@type\":\"ListItem\",\"position\":2,\"name\":\"Mieux-Etre\"}]},{\"@type\":\"WebSite\",\"@id\":\"https:\/\/isabelle-daumas.com\/#website\",\"url\":\"https:\/\/isabelle-daumas.com\/\",\"name\":\"Isabelle DAUMAS\",\"description\":\"Pr\u00e9venir les Risques Professionnels et Promouvoir la Sant\u00e9, c\u2019est possible !\",\"publisher\":{\"@id\":\"https:\/\/isabelle-daumas.com\/#organization\"},\"potentialAction\":[{\"@type\":\"SearchAction\",\"target\":{\"@type\":\"EntryPoint\",\"urlTemplate\":\"https:\/\/isabelle-daumas.com\/?s={search_term_string}\"},\"query-input\":\"required name=search_term_string\"}],\"inLanguage\":\"fr-FR\"},{\"@type\":\"Organization\",\"@id\":\"https:\/\/isabelle-daumas.com\/#organization\",\"name\":\"Isabelle DAUMAS\",\"url\":\"https:\/\/isabelle-daumas.com\/\",\"logo\":{\"@type\":\"ImageObject\",\"inLanguage\":\"fr-FR\",\"@id\":\"https:\/\/isabelle-daumas.com\/#\/schema\/logo\/image\/\",\"url\":\"https:\/\/isabelle-daumas.com\/wp-content\/uploads\/2023\/08\/cropped-LOGO_Isabelle-DAUMAS_complet-e1701289751194.png\",\"contentUrl\":\"https:\/\/isabelle-daumas.com\/wp-content\/uploads\/2023\/08\/cropped-LOGO_Isabelle-DAUMAS_complet-e1701289751194.png\",\"width\":271,\"height\":77,\"caption\":\"Isabelle DAUMAS\"},\"image\":{\"@id\":\"https:\/\/isabelle-daumas.com\/#\/schema\/logo\/image\/\"}}]}<\/script>\n<!-- \/ Yoast SEO plugin. -->","yoast_head_json":{"title":"Mieux-Etre - Isabelle DAUMAS","robots":{"index":"index","follow":"follow","max-snippet":"max-snippet:-1","max-image-preview":"max-image-preview:large","max-video-preview":"max-video-preview:-1"},"canonical":"https:\/\/isabelle-daumas.com\/index.php\/mieux-etre\/","og_locale":"fr_FR","og_type":"article","og_title":"Mieux-Etre - Isabelle DAUMAS","og_description":"MIEUX-\u00caTRE Donner des clefs, aux individus comme aux organisations, pour d\u00e9velopper le \u00a0bien-\u00eatre au travail tel que d\u00e9finit par l\u2019OMS \u00ab\u00a0un \u00e9tat d&rsquo;esprit caract\u00e9ris\u00e9 par une harmonie satisfaisante entre d&rsquo;un c\u00f4t\u00e9 les aptitudes, les besoins et les aspirations du travailleur, et de l&rsquo;autre les contraintes et les possibilit\u00e9s du milieu de travail\u00a0\u00bb. Agir sur le [&hellip;]","og_url":"https:\/\/isabelle-daumas.com\/index.php\/mieux-etre\/","og_site_name":"Isabelle DAUMAS","article_modified_time":"2023-12-02T13:26:35+00:00","og_image":[{"url":"http:\/\/rainbowantstudio-dev.ovh\/wp-content\/uploads\/elementor\/thumbs\/Line-4-qbdje2nx4gm7jkn6zorgdzczsu8rj9i64fxf4csqyy.png"}],"twitter_card":"summary_large_image","twitter_misc":{"Dur\u00e9e de lecture estim\u00e9e":"1 minute"},"schema":{"@context":"https:\/\/schema.org","@graph":[{"@type":"WebPage","@id":"https:\/\/isabelle-daumas.com\/index.php\/mieux-etre\/","url":"https:\/\/isabelle-daumas.com\/index.php\/mieux-etre\/","name":"Mieux-Etre - Isabelle DAUMAS","isPartOf":{"@id":"https:\/\/isabelle-daumas.com\/#website"},"datePublished":"2023-08-26T09:17:48+00:00","dateModified":"2023-12-02T13:26:35+00:00","breadcrumb":{"@id":"https:\/\/isabelle-daumas.com\/index.php\/mieux-etre\/#breadcrumb"},"inLanguage":"fr-FR","potentialAction":[{"@type":"ReadAction","target":["https:\/\/isabelle-daumas.com\/index.php\/mieux-etre\/"]}]},{"@type":"BreadcrumbList","@id":"https:\/\/isabelle-daumas.com\/index.php\/mieux-etre\/#breadcrumb","itemListElement":[{"@type":"ListItem","position":1,"name":"Accueil","item":"https:\/\/isabelle-daumas.com\/"},{"@type":"ListItem","position":2,"name":"Mieux-Etre"}]},{"@type":"WebSite","@id":"https:\/\/isabelle-daumas.com\/#website","url":"https:\/\/isabelle-daumas.com\/","name":"Isabelle DAUMAS","description":"Pr\u00e9venir les Risques Professionnels et Promouvoir la Sant\u00e9, c\u2019est possible !","publisher":{"@id":"https:\/\/isabelle-daumas.com\/#organization"},"potentialAction":[{"@type":"SearchAction","target":{"@type":"EntryPoint","urlTemplate":"https:\/\/isabelle-daumas.com\/?s={search_term_string}"},"query-input":"required name=search_term_string"}],"inLanguage":"fr-FR"},{"@type":"Organization","@id":"https:\/\/isabelle-daumas.com\/#organization","name":"Isabelle DAUMAS","url":"https:\/\/isabelle-daumas.com\/","logo":{"@type":"ImageObject","inLanguage":"fr-FR","@id":"https:\/\/isabelle-daumas.com\/#\/schema\/logo\/image\/","url":"https:\/\/isabelle-daumas.com\/wp-content\/uploads\/2023\/08\/cropped-LOGO_Isabelle-DAUMAS_complet-e1701289751194.png","contentUrl":"https:\/\/isabelle-daumas.com\/wp-content\/uploads\/2023\/08\/cropped-LOGO_Isabelle-DAUMAS_complet-e1701289751194.png","width":271,"height":77,"caption":"Isabelle DAUMAS"},"image":{"@id":"https:\/\/isabelle-daumas.com\/#\/schema\/logo\/image\/"}}]}},"_links":{"self":[{"href":"https:\/\/isabelle-daumas.com\/index.php\/wp-json\/wp\/v2\/pages\/280","targetHints":{"allow":["GET"]}}],"collection":[{"href":"https:\/\/isabelle-daumas.com\/index.php\/wp-json\/wp\/v2\/pages"}],"about":[{"href":"https:\/\/isabelle-daumas.com\/index.php\/wp-json\/wp\/v2\/types\/page"}],"author":[{"embeddable":true,"href":"https:\/\/isabelle-daumas.com\/index.php\/wp-json\/wp\/v2\/users\/1"}],"replies":[{"embeddable":true,"href":"https:\/\/isabelle-daumas.com\/index.php\/wp-json\/wp\/v2\/comments?post=280"}],"version-history":[{"count":16,"href":"https:\/\/isabelle-daumas.com\/index.php\/wp-json\/wp\/v2\/pages\/280\/revisions"}],"predecessor-version":[{"id":1696,"href":"https:\/\/isabelle-daumas.com\/index.php\/wp-json\/wp\/v2\/pages\/280\/revisions\/1696"}],"wp:attachment":[{"href":"https:\/\/isabelle-daumas.com\/index.php\/wp-json\/wp\/v2\/media?parent=280"}],"curies":[{"name":"wp","href":"https:\/\/api.w.org\/{rel}","templated":true}]}}