{"id":299,"date":"2023-08-26T11:19:38","date_gmt":"2023-08-26T09:19:38","guid":{"rendered":"https:\/\/rainbowantstudio-dev.ovh\/?page_id=299"},"modified":"2023-12-14T20:16:57","modified_gmt":"2023-12-14T19:16:57","slug":"conference-atelier","status":"publish","type":"page","link":"https:\/\/isabelle-daumas.com\/index.php\/conference-atelier\/","title":{"rendered":"Conf\u00e9rence &#038; Atelier"},"content":{"rendered":"\t\t<div data-elementor-type=\"wp-page\" data-elementor-id=\"299\" class=\"elementor elementor-299\">\n\t\t\t\t\t\t\t\t\t<section class=\"elementor-section elementor-top-section elementor-element elementor-element-eb118cd elementor-section-boxed elementor-section-height-default elementor-section-height-default\" data-id=\"eb118cd\" data-element_type=\"section\">\n\t\t\t\t\t\t<div class=\"elementor-container elementor-column-gap-default\">\n\t\t\t\t\t<div class=\"elementor-column elementor-col-100 elementor-top-column elementor-element elementor-element-791b817\" data-id=\"791b817\" data-element_type=\"column\">\n\t\t\t<div class=\"elementor-widget-wrap elementor-element-populated\">\n\t\t\t\t\t\t\t\t<div class=\"elementor-element elementor-element-4fc0fbb elementor-widget__width-auto elementor-widget elementor-widget-image\" data-id=\"4fc0fbb\" data-element_type=\"widget\" data-widget_type=\"image.default\">\n\t\t\t\t<div class=\"elementor-widget-container\">\n\t\t\t<style>\/*! elementor - v3.15.0 - 20-08-2023 *\/\n.elementor-widget-image{text-align:center}.elementor-widget-image a{display:inline-block}.elementor-widget-image a img[src$=\".svg\"]{width:48px}.elementor-widget-image img{vertical-align:middle;display:inline-block}<\/style>\t\t\t\t\t\t\t\t\t\t\t\t<img decoding=\"async\" src=\"https:\/\/isabelle-daumas.com\/wp-content\/uploads\/elementor\/thumbs\/Line-4-qbdje1q2xmkx7yok56ctthlj7gdebkefsb9xn2u556.png\" title=\"Line-4.png\" alt=\"Line-4.png\" loading=\"lazy\" \/>\t\t\t\t\t\t\t\t\t\t\t\t\t\t\t<\/div>\n\t\t\t\t<\/div>\n\t\t\t\t<div class=\"elementor-element elementor-element-d425e9c elementor-widget__width-auto elementor-widget elementor-widget-text-editor\" data-id=\"d425e9c\" data-element_type=\"widget\" data-widget_type=\"text-editor.default\">\n\t\t\t\t<div class=\"elementor-widget-container\">\n\t\t\t<style>\/*! elementor - v3.15.0 - 20-08-2023 *\/\n.elementor-widget-text-editor.elementor-drop-cap-view-stacked .elementor-drop-cap{background-color:#69727d;color:#fff}.elementor-widget-text-editor.elementor-drop-cap-view-framed .elementor-drop-cap{color:#69727d;border:3px solid;background-color:transparent}.elementor-widget-text-editor:not(.elementor-drop-cap-view-default) .elementor-drop-cap{margin-top:8px}.elementor-widget-text-editor:not(.elementor-drop-cap-view-default) .elementor-drop-cap-letter{width:1em;height:1em}.elementor-widget-text-editor .elementor-drop-cap{float:left;text-align:center;line-height:1;font-size:50px}.elementor-widget-text-editor .elementor-drop-cap-letter{display:inline-block}<\/style>\t\t\t\t<p>CONF\u00c9RENCES ET ATELIERS\u00a0<\/p>\t\t\t\t\t\t<\/div>\n\t\t\t\t<\/div>\n\t\t\t\t\t<\/div>\n\t\t<\/div>\n\t\t\t\t\t\t\t<\/div>\n\t\t<\/section>\n\t\t\t\t<section class=\"elementor-section elementor-top-section elementor-element elementor-element-0944ad3 elementor-section-height-min-height elementor-section-items-top elementor-section-boxed elementor-section-height-default\" data-id=\"0944ad3\" data-element_type=\"section\">\n\t\t\t\t\t\t<div class=\"elementor-container elementor-column-gap-default\">\n\t\t\t\t\t<div class=\"elementor-column elementor-col-33 elementor-top-column elementor-element elementor-element-d0e5718\" data-id=\"d0e5718\" data-element_type=\"column\">\n\t\t\t<div class=\"elementor-widget-wrap elementor-element-populated\">\n\t\t\t\t\t\t\t\t<div class=\"elementor-element elementor-element-90a51bc elementor-widget elementor-widget-image\" data-id=\"90a51bc\" data-element_type=\"widget\" data-widget_type=\"image.default\">\n\t\t\t\t<div class=\"elementor-widget-container\">\n\t\t\t\t\t\t\t\t\t\t\t\t\t\t\t<img loading=\"lazy\" decoding=\"async\" width=\"120\" height=\"120\" src=\"https:\/\/isabelle-daumas.com\/wp-content\/uploads\/2023\/10\/Icone_Conferences.jpg\" class=\"attachment-large size-large wp-image-811\" alt=\"\" \/>\t\t\t\t\t\t\t\t\t\t\t\t\t\t\t<\/div>\n\t\t\t\t<\/div>\n\t\t\t\t\t<\/div>\n\t\t<\/div>\n\t\t\t\t<div class=\"elementor-column elementor-col-66 elementor-top-column elementor-element elementor-element-2bec004\" data-id=\"2bec004\" data-element_type=\"column\">\n\t\t\t<div class=\"elementor-widget-wrap elementor-element-populated\">\n\t\t\t\t\t\t\t\t<div class=\"elementor-element elementor-element-8e12813 elementor-widget elementor-widget-text-editor\" data-id=\"8e12813\" data-element_type=\"widget\" data-widget_type=\"text-editor.default\">\n\t\t\t\t<div class=\"elementor-widget-container\">\n\t\t\t\t\t\t\t<p>Toutes les th\u00e9matiques entrant dans mon champ de comp\u00e9tences <a style=\"color: #378fd5;\" href=\"https:\/\/isabelle-daumas.ovh\/index.php\/sante\/\">SANT\u00c9<\/a> &#8211;\u00a0<a style=\"color: #ea9927;\" href=\"https:\/\/isabelle-daumas.ovh\/index.php\/securite\/\">S\u00c9CURIT\u00c9<\/a>\u00a0 &#8211; <a style=\"color: #8e1575;\" href=\"https:\/\/isabelle-daumas.ovh\/index.php\/mieux-etre\/\">MIEUX \u00caTRE<\/a> peuvent \u00eatre d\u00e9clin\u00e9es sous forme de conf\u00e9rences, d\u2019ateliers d\u00e9couverte, d\u2019une dur\u00e9e d\u20191h30 \u00e0 2h.<\/p><p>Proposition sur mesure : <a href=\"https:\/\/isabelle-daumas.ovh\/index.php\/me-contacter\/\">Me contacter<\/a><\/p>\t\t\t\t\t\t<\/div>\n\t\t\t\t<\/div>\n\t\t\t\t\t<\/div>\n\t\t<\/div>\n\t\t\t\t\t\t\t<\/div>\n\t\t<\/section>\n\t\t\t\t\t\t\t<\/div>\n\t\t","protected":false},"excerpt":{"rendered":"<p>CONF\u00c9RENCES ET ATELIERS\u00a0 Toutes les th\u00e9matiques entrant dans mon champ de comp\u00e9tences SANT\u00c9 &#8211;\u00a0S\u00c9CURIT\u00c9\u00a0 &#8211; MIEUX \u00caTRE peuvent \u00eatre d\u00e9clin\u00e9es sous forme de conf\u00e9rences, d\u2019ateliers d\u00e9couverte, d\u2019une dur\u00e9e d\u20191h30 \u00e0 2h. Proposition sur mesure : Me contacter<\/p>\n","protected":false},"author":1,"featured_media":0,"parent":0,"menu_order":0,"comment_status":"closed","ping_status":"closed","template":"elementor_header_footer","meta":{"footnotes":""},"class_list":["post-299","page","type-page","status-publish","hentry"],"yoast_head":"<!-- This site is optimized with the Yoast SEO plugin v22.0 - https:\/\/yoast.com\/wordpress\/plugins\/seo\/ -->\n<title>Conf\u00e9rence &amp; Atelier - Isabelle DAUMAS<\/title>\n<meta name=\"robots\" content=\"index, follow, max-snippet:-1, max-image-preview:large, max-video-preview:-1\" \/>\n<link rel=\"canonical\" href=\"https:\/\/isabelle-daumas.com\/index.php\/conference-atelier\/\" \/>\n<meta property=\"og:locale\" content=\"fr_FR\" \/>\n<meta property=\"og:type\" content=\"article\" \/>\n<meta property=\"og:title\" content=\"Conf\u00e9rence &amp; Atelier - Isabelle DAUMAS\" \/>\n<meta property=\"og:description\" content=\"CONF\u00c9RENCES ET ATELIERS\u00a0 Toutes les th\u00e9matiques entrant dans mon champ de comp\u00e9tences SANT\u00c9 &#8211;\u00a0S\u00c9CURIT\u00c9\u00a0 &#8211; MIEUX \u00caTRE peuvent \u00eatre d\u00e9clin\u00e9es sous forme de conf\u00e9rences, d\u2019ateliers d\u00e9couverte, d\u2019une dur\u00e9e d\u20191h30 \u00e0 2h. Proposition sur mesure : Me contacter\" \/>\n<meta property=\"og:url\" content=\"https:\/\/isabelle-daumas.com\/index.php\/conference-atelier\/\" \/>\n<meta property=\"og:site_name\" content=\"Isabelle DAUMAS\" \/>\n<meta property=\"article:modified_time\" content=\"2023-12-14T19:16:57+00:00\" \/>\n<meta property=\"og:image\" content=\"http:\/\/rainbowantstudio-dev.ovh\/wp-content\/uploads\/elementor\/thumbs\/Line-4-qbdje2nx4gm7jkn6zorgdzczsu8rj9i64fxf4csqyy.png\" \/>\n<meta name=\"twitter:card\" content=\"summary_large_image\" \/>\n<script type=\"application\/ld+json\" class=\"yoast-schema-graph\">{\"@context\":\"https:\/\/schema.org\",\"@graph\":[{\"@type\":\"WebPage\",\"@id\":\"https:\/\/isabelle-daumas.com\/index.php\/conference-atelier\/\",\"url\":\"https:\/\/isabelle-daumas.com\/index.php\/conference-atelier\/\",\"name\":\"Conf\u00e9rence & Atelier - Isabelle DAUMAS\",\"isPartOf\":{\"@id\":\"https:\/\/isabelle-daumas.com\/#website\"},\"datePublished\":\"2023-08-26T09:19:38+00:00\",\"dateModified\":\"2023-12-14T19:16:57+00:00\",\"breadcrumb\":{\"@id\":\"https:\/\/isabelle-daumas.com\/index.php\/conference-atelier\/#breadcrumb\"},\"inLanguage\":\"fr-FR\",\"potentialAction\":[{\"@type\":\"ReadAction\",\"target\":[\"https:\/\/isabelle-daumas.com\/index.php\/conference-atelier\/\"]}]},{\"@type\":\"BreadcrumbList\",\"@id\":\"https:\/\/isabelle-daumas.com\/index.php\/conference-atelier\/#breadcrumb\",\"itemListElement\":[{\"@type\":\"ListItem\",\"position\":1,\"name\":\"Accueil\",\"item\":\"https:\/\/isabelle-daumas.com\/\"},{\"@type\":\"ListItem\",\"position\":2,\"name\":\"Conf\u00e9rence &#038; Atelier\"}]},{\"@type\":\"WebSite\",\"@id\":\"https:\/\/isabelle-daumas.com\/#website\",\"url\":\"https:\/\/isabelle-daumas.com\/\",\"name\":\"Isabelle DAUMAS\",\"description\":\"Pr\u00e9venir les Risques Professionnels et Promouvoir la Sant\u00e9, c\u2019est possible !\",\"publisher\":{\"@id\":\"https:\/\/isabelle-daumas.com\/#organization\"},\"potentialAction\":[{\"@type\":\"SearchAction\",\"target\":{\"@type\":\"EntryPoint\",\"urlTemplate\":\"https:\/\/isabelle-daumas.com\/?s={search_term_string}\"},\"query-input\":\"required name=search_term_string\"}],\"inLanguage\":\"fr-FR\"},{\"@type\":\"Organization\",\"@id\":\"https:\/\/isabelle-daumas.com\/#organization\",\"name\":\"Isabelle DAUMAS\",\"url\":\"https:\/\/isabelle-daumas.com\/\",\"logo\":{\"@type\":\"ImageObject\",\"inLanguage\":\"fr-FR\",\"@id\":\"https:\/\/isabelle-daumas.com\/#\/schema\/logo\/image\/\",\"url\":\"https:\/\/isabelle-daumas.com\/wp-content\/uploads\/2023\/08\/cropped-LOGO_Isabelle-DAUMAS_complet-e1701289751194.png\",\"contentUrl\":\"https:\/\/isabelle-daumas.com\/wp-content\/uploads\/2023\/08\/cropped-LOGO_Isabelle-DAUMAS_complet-e1701289751194.png\",\"width\":271,\"height\":77,\"caption\":\"Isabelle DAUMAS\"},\"image\":{\"@id\":\"https:\/\/isabelle-daumas.com\/#\/schema\/logo\/image\/\"}}]}<\/script>\n<!-- \/ Yoast SEO plugin. -->","yoast_head_json":{"title":"Conf\u00e9rence & Atelier - Isabelle DAUMAS","robots":{"index":"index","follow":"follow","max-snippet":"max-snippet:-1","max-image-preview":"max-image-preview:large","max-video-preview":"max-video-preview:-1"},"canonical":"https:\/\/isabelle-daumas.com\/index.php\/conference-atelier\/","og_locale":"fr_FR","og_type":"article","og_title":"Conf\u00e9rence & Atelier - Isabelle DAUMAS","og_description":"CONF\u00c9RENCES ET ATELIERS\u00a0 Toutes les th\u00e9matiques entrant dans mon champ de comp\u00e9tences SANT\u00c9 &#8211;\u00a0S\u00c9CURIT\u00c9\u00a0 &#8211; MIEUX \u00caTRE peuvent \u00eatre d\u00e9clin\u00e9es sous forme de conf\u00e9rences, d\u2019ateliers d\u00e9couverte, d\u2019une dur\u00e9e d\u20191h30 \u00e0 2h. Proposition sur mesure : Me contacter","og_url":"https:\/\/isabelle-daumas.com\/index.php\/conference-atelier\/","og_site_name":"Isabelle DAUMAS","article_modified_time":"2023-12-14T19:16:57+00:00","og_image":[{"url":"http:\/\/rainbowantstudio-dev.ovh\/wp-content\/uploads\/elementor\/thumbs\/Line-4-qbdje2nx4gm7jkn6zorgdzczsu8rj9i64fxf4csqyy.png"}],"twitter_card":"summary_large_image","schema":{"@context":"https:\/\/schema.org","@graph":[{"@type":"WebPage","@id":"https:\/\/isabelle-daumas.com\/index.php\/conference-atelier\/","url":"https:\/\/isabelle-daumas.com\/index.php\/conference-atelier\/","name":"Conf\u00e9rence & Atelier - Isabelle DAUMAS","isPartOf":{"@id":"https:\/\/isabelle-daumas.com\/#website"},"datePublished":"2023-08-26T09:19:38+00:00","dateModified":"2023-12-14T19:16:57+00:00","breadcrumb":{"@id":"https:\/\/isabelle-daumas.com\/index.php\/conference-atelier\/#breadcrumb"},"inLanguage":"fr-FR","potentialAction":[{"@type":"ReadAction","target":["https:\/\/isabelle-daumas.com\/index.php\/conference-atelier\/"]}]},{"@type":"BreadcrumbList","@id":"https:\/\/isabelle-daumas.com\/index.php\/conference-atelier\/#breadcrumb","itemListElement":[{"@type":"ListItem","position":1,"name":"Accueil","item":"https:\/\/isabelle-daumas.com\/"},{"@type":"ListItem","position":2,"name":"Conf\u00e9rence &#038; Atelier"}]},{"@type":"WebSite","@id":"https:\/\/isabelle-daumas.com\/#website","url":"https:\/\/isabelle-daumas.com\/","name":"Isabelle DAUMAS","description":"Pr\u00e9venir les Risques Professionnels et Promouvoir la Sant\u00e9, c\u2019est possible !","publisher":{"@id":"https:\/\/isabelle-daumas.com\/#organization"},"potentialAction":[{"@type":"SearchAction","target":{"@type":"EntryPoint","urlTemplate":"https:\/\/isabelle-daumas.com\/?s={search_term_string}"},"query-input":"required name=search_term_string"}],"inLanguage":"fr-FR"},{"@type":"Organization","@id":"https:\/\/isabelle-daumas.com\/#organization","name":"Isabelle DAUMAS","url":"https:\/\/isabelle-daumas.com\/","logo":{"@type":"ImageObject","inLanguage":"fr-FR","@id":"https:\/\/isabelle-daumas.com\/#\/schema\/logo\/image\/","url":"https:\/\/isabelle-daumas.com\/wp-content\/uploads\/2023\/08\/cropped-LOGO_Isabelle-DAUMAS_complet-e1701289751194.png","contentUrl":"https:\/\/isabelle-daumas.com\/wp-content\/uploads\/2023\/08\/cropped-LOGO_Isabelle-DAUMAS_complet-e1701289751194.png","width":271,"height":77,"caption":"Isabelle DAUMAS"},"image":{"@id":"https:\/\/isabelle-daumas.com\/#\/schema\/logo\/image\/"}}]}},"_links":{"self":[{"href":"https:\/\/isabelle-daumas.com\/index.php\/wp-json\/wp\/v2\/pages\/299","targetHints":{"allow":["GET"]}}],"collection":[{"href":"https:\/\/isabelle-daumas.com\/index.php\/wp-json\/wp\/v2\/pages"}],"about":[{"href":"https:\/\/isabelle-daumas.com\/index.php\/wp-json\/wp\/v2\/types\/page"}],"author":[{"embeddable":true,"href":"https:\/\/isabelle-daumas.com\/index.php\/wp-json\/wp\/v2\/users\/1"}],"replies":[{"embeddable":true,"href":"https:\/\/isabelle-daumas.com\/index.php\/wp-json\/wp\/v2\/comments?post=299"}],"version-history":[{"count":28,"href":"https:\/\/isabelle-daumas.com\/index.php\/wp-json\/wp\/v2\/pages\/299\/revisions"}],"predecessor-version":[{"id":1957,"href":"https:\/\/isabelle-daumas.com\/index.php\/wp-json\/wp\/v2\/pages\/299\/revisions\/1957"}],"wp:attachment":[{"href":"https:\/\/isabelle-daumas.com\/index.php\/wp-json\/wp\/v2\/media?parent=299"}],"curies":[{"name":"wp","href":"https:\/\/api.w.org\/{rel}","templated":true}]}}