{"id":360,"date":"2023-08-27T09:49:17","date_gmt":"2023-08-27T07:49:17","guid":{"rendered":"https:\/\/rainbowantstudio-dev.ovh\/?page_id=360"},"modified":"2024-01-07T21:53:41","modified_gmt":"2024-01-07T20:53:41","slug":"conference-atelier-2","status":"publish","type":"page","link":"https:\/\/isabelle-daumas.com\/index.php\/conference-atelier-2\/","title":{"rendered":"Conf\u00e9rence\/Atelier"},"content":{"rendered":"\t\t<div data-elementor-type=\"wp-page\" data-elementor-id=\"360\" class=\"elementor elementor-360\">\n\t\t\t\t\t\t\t\t\t<section class=\"elementor-section elementor-top-section elementor-element elementor-element-c225bd6 elementor-section-boxed elementor-section-height-default elementor-section-height-default\" data-id=\"c225bd6\" data-element_type=\"section\">\n\t\t\t\t\t\t<div class=\"elementor-container elementor-column-gap-default\">\n\t\t\t\t\t<div class=\"elementor-column elementor-col-100 elementor-top-column elementor-element elementor-element-cb82d44\" data-id=\"cb82d44\" data-element_type=\"column\">\n\t\t\t<div class=\"elementor-widget-wrap elementor-element-populated\">\n\t\t\t\t\t\t\t\t<div class=\"elementor-element elementor-element-11a9503 elementor-widget__width-auto elementor-widget elementor-widget-image\" data-id=\"11a9503\" data-element_type=\"widget\" data-widget_type=\"image.default\">\n\t\t\t\t<div class=\"elementor-widget-container\">\n\t\t\t<style>\/*! elementor - v3.15.0 - 20-08-2023 *\/\n.elementor-widget-image{text-align:center}.elementor-widget-image a{display:inline-block}.elementor-widget-image a img[src$=\".svg\"]{width:48px}.elementor-widget-image img{vertical-align:middle;display:inline-block}<\/style>\t\t\t\t\t\t\t\t\t\t\t\t<img decoding=\"async\" src=\"https:\/\/isabelle-daumas.com\/wp-content\/uploads\/elementor\/thumbs\/Line-4-qbdje1q2xmkx7yok56ctthlj7gdebkefsb9xn2u556.png\" title=\"Line-4.png\" alt=\"Line-4.png\" loading=\"lazy\" \/>\t\t\t\t\t\t\t\t\t\t\t\t\t\t\t<\/div>\n\t\t\t\t<\/div>\n\t\t\t\t<div class=\"elementor-element elementor-element-a1412ef elementor-widget__width-auto elementor-widget elementor-widget-text-editor\" data-id=\"a1412ef\" data-element_type=\"widget\" data-widget_type=\"text-editor.default\">\n\t\t\t\t<div class=\"elementor-widget-container\">\n\t\t\t<style>\/*! elementor - v3.15.0 - 20-08-2023 *\/\n.elementor-widget-text-editor.elementor-drop-cap-view-stacked .elementor-drop-cap{background-color:#69727d;color:#fff}.elementor-widget-text-editor.elementor-drop-cap-view-framed .elementor-drop-cap{color:#69727d;border:3px solid;background-color:transparent}.elementor-widget-text-editor:not(.elementor-drop-cap-view-default) .elementor-drop-cap{margin-top:8px}.elementor-widget-text-editor:not(.elementor-drop-cap-view-default) .elementor-drop-cap-letter{width:1em;height:1em}.elementor-widget-text-editor .elementor-drop-cap{float:left;text-align:center;line-height:1;font-size:50px}.elementor-widget-text-editor .elementor-drop-cap-letter{display:inline-block}<\/style>\t\t\t\t<p>CONF\u00c9RENCE \/ ATELIER<\/p>\t\t\t\t\t\t<\/div>\n\t\t\t\t<\/div>\n\t\t\t\t\t<\/div>\n\t\t<\/div>\n\t\t\t\t\t\t\t<\/div>\n\t\t<\/section>\n\t\t\t\t<section class=\"elementor-section elementor-top-section elementor-element elementor-element-c40fea7 elementor-section-boxed elementor-section-height-default elementor-section-height-default\" data-id=\"c40fea7\" data-element_type=\"section\">\n\t\t\t\t\t\t\t<div class=\"elementor-background-overlay\"><\/div>\n\t\t\t\t\t\t\t<div class=\"elementor-container elementor-column-gap-default\">\n\t\t\t\t\t<div class=\"elementor-column elementor-col-100 elementor-top-column elementor-element elementor-element-da7aeb2\" data-id=\"da7aeb2\" data-element_type=\"column\">\n\t\t\t<div class=\"elementor-widget-wrap elementor-element-populated\">\n\t\t\t\t\t\t\t\t<div class=\"elementor-element elementor-element-03bb058 elementor-widget elementor-widget-text-editor\" data-id=\"03bb058\" data-element_type=\"widget\" data-widget_type=\"text-editor.default\">\n\t\t\t\t<div class=\"elementor-widget-container\">\n\t\t\t\t\t\t\t<p>Sous un format de 1 \u00e0 2h, l\u2019objectif de ces conf\u00e9rences \/ ateliers est de faire d\u00e9couvrir au plus grand nombre le Brain Gym\u00ae et ce que cette approche peut apporter \u00e0 chacun.<\/p><p>Vous y trouverez un \u00e9quilibre Th\u00e9orie \/ Pratique, mais aussi un temp d\u2019\u00e9changes, apr\u00e8s lequel vous repartirez avec des petites clefs \u00e0 utiliser au quotidien, pour vous et votre entourage.<\/p><p>\u00a0<\/p>\t\t\t\t\t\t<\/div>\n\t\t\t\t<\/div>\n\t\t\t\t\t<\/div>\n\t\t<\/div>\n\t\t\t\t\t\t\t<\/div>\n\t\t<\/section>\n\t\t\t\t<section class=\"elementor-section elementor-top-section elementor-element elementor-element-b5424da elementor-section-boxed elementor-section-height-default elementor-section-height-default\" data-id=\"b5424da\" data-element_type=\"section\" data-settings=\"{&quot;background_background&quot;:&quot;classic&quot;}\">\n\t\t\t\t\t\t\t<div class=\"elementor-background-overlay\"><\/div>\n\t\t\t\t\t\t\t<div class=\"elementor-container elementor-column-gap-default\">\n\t\t\t\t\t<div class=\"elementor-column elementor-col-100 elementor-top-column elementor-element elementor-element-495f91f\" data-id=\"495f91f\" data-element_type=\"column\">\n\t\t\t<div class=\"elementor-widget-wrap elementor-element-populated\">\n\t\t\t\t\t\t\t\t<section class=\"elementor-section elementor-inner-section elementor-element elementor-element-71cb671 elementor-section-content-middle elementor-section-boxed elementor-section-height-default elementor-section-height-default\" data-id=\"71cb671\" data-element_type=\"section\">\n\t\t\t\t\t\t<div class=\"elementor-container elementor-column-gap-default\">\n\t\t\t\t\t<div class=\"elementor-column elementor-col-50 elementor-inner-column elementor-element elementor-element-2db79c2\" data-id=\"2db79c2\" data-element_type=\"column\">\n\t\t\t<div class=\"elementor-widget-wrap elementor-element-populated\">\n\t\t\t\t\t\t\t\t<div class=\"elementor-element elementor-element-6786547 elementor-widget elementor-widget-image\" data-id=\"6786547\" data-element_type=\"widget\" data-widget_type=\"image.default\">\n\t\t\t\t<div class=\"elementor-widget-container\">\n\t\t\t\t\t\t\t\t\t\t\t\t\t\t\t<img loading=\"lazy\" decoding=\"async\" width=\"120\" height=\"120\" src=\"https:\/\/isabelle-daumas.com\/wp-content\/uploads\/2023\/10\/Icone_Coaching.png\" class=\"attachment-full size-full wp-image-959\" alt=\"\" \/>\t\t\t\t\t\t\t\t\t\t\t\t\t\t\t<\/div>\n\t\t\t\t<\/div>\n\t\t\t\t\t<\/div>\n\t\t<\/div>\n\t\t\t\t<div class=\"elementor-column elementor-col-50 elementor-inner-column elementor-element elementor-element-c14a871\" data-id=\"c14a871\" data-element_type=\"column\">\n\t\t\t<div class=\"elementor-widget-wrap elementor-element-populated\">\n\t\t\t\t\t\t\t\t<div class=\"elementor-element elementor-element-b2a3762 elementor-widget elementor-widget-heading\" data-id=\"b2a3762\" data-element_type=\"widget\" data-widget_type=\"heading.default\">\n\t\t\t\t<div class=\"elementor-widget-container\">\n\t\t\t<style>\/*! elementor - v3.15.0 - 20-08-2023 *\/\n.elementor-heading-title{padding:0;margin:0;line-height:1}.elementor-widget-heading .elementor-heading-title[class*=elementor-size-]>a{color:inherit;font-size:inherit;line-height:inherit}.elementor-widget-heading .elementor-heading-title.elementor-size-small{font-size:15px}.elementor-widget-heading .elementor-heading-title.elementor-size-medium{font-size:19px}.elementor-widget-heading .elementor-heading-title.elementor-size-large{font-size:29px}.elementor-widget-heading .elementor-heading-title.elementor-size-xl{font-size:39px}.elementor-widget-heading .elementor-heading-title.elementor-size-xxl{font-size:59px}<\/style><h4 class=\"elementor-heading-title elementor-size-default\">D\u00e9couvrez les s\u00e9ances individuelles<\/h4>\t\t<\/div>\n\t\t\t\t<\/div>\n\t\t\t\t<div class=\"elementor-element elementor-element-8aa2b37 elementor-widget elementor-widget-button\" data-id=\"8aa2b37\" data-element_type=\"widget\" data-widget_type=\"button.default\">\n\t\t\t\t<div class=\"elementor-widget-container\">\n\t\t\t\t\t<div class=\"elementor-button-wrapper\">\n\t\t\t<a class=\"elementor-button elementor-button-link elementor-size-md\" href=\"https:\/\/isabelle-daumas.ovh\/index.php\/seance-individuelle\/\">\n\t\t\t\t\t\t<span class=\"elementor-button-content-wrapper\">\n\t\t\t\t\t\t<span class=\"elementor-button-text\">Allons y ! <\/span>\n\t\t<\/span>\n\t\t\t\t\t<\/a>\n\t\t<\/div>\n\t\t\t\t<\/div>\n\t\t\t\t<\/div>\n\t\t\t\t\t<\/div>\n\t\t<\/div>\n\t\t\t\t\t\t\t<\/div>\n\t\t<\/section>\n\t\t\t\t\t<\/div>\n\t\t<\/div>\n\t\t\t\t\t\t\t<\/div>\n\t\t<\/section>\n\t\t\t\t\t\t\t<\/div>\n\t\t","protected":false},"excerpt":{"rendered":"<p>CONF\u00c9RENCE \/ ATELIER Sous un format de 1 \u00e0 2h, l\u2019objectif de ces conf\u00e9rences \/ ateliers est de faire d\u00e9couvrir au plus grand nombre le Brain Gym\u00ae et ce que cette approche peut apporter \u00e0 chacun. Vous y trouverez un \u00e9quilibre Th\u00e9orie \/ Pratique, mais aussi un temp d\u2019\u00e9changes, apr\u00e8s lequel vous repartirez avec des [&hellip;]<\/p>\n","protected":false},"author":1,"featured_media":0,"parent":0,"menu_order":0,"comment_status":"closed","ping_status":"closed","template":"elementor_header_footer","meta":{"footnotes":""},"class_list":["post-360","page","type-page","status-publish","hentry"],"yoast_head":"<!-- This site is optimized with the Yoast SEO plugin v22.0 - https:\/\/yoast.com\/wordpress\/plugins\/seo\/ -->\n<title>Conf\u00e9rence\/Atelier - Isabelle DAUMAS<\/title>\n<meta name=\"robots\" content=\"index, follow, max-snippet:-1, max-image-preview:large, max-video-preview:-1\" \/>\n<link rel=\"canonical\" href=\"https:\/\/isabelle-daumas.com\/index.php\/conference-atelier-2\/\" \/>\n<meta property=\"og:locale\" content=\"fr_FR\" \/>\n<meta property=\"og:type\" content=\"article\" \/>\n<meta property=\"og:title\" content=\"Conf\u00e9rence\/Atelier - Isabelle DAUMAS\" \/>\n<meta property=\"og:description\" content=\"CONF\u00c9RENCE \/ ATELIER Sous un format de 1 \u00e0 2h, l\u2019objectif de ces conf\u00e9rences \/ ateliers est de faire d\u00e9couvrir au plus grand nombre le Brain Gym\u00ae et ce que cette approche peut apporter \u00e0 chacun. Vous y trouverez un \u00e9quilibre Th\u00e9orie \/ Pratique, mais aussi un temp d\u2019\u00e9changes, apr\u00e8s lequel vous repartirez avec des [&hellip;]\" \/>\n<meta property=\"og:url\" content=\"https:\/\/isabelle-daumas.com\/index.php\/conference-atelier-2\/\" \/>\n<meta property=\"og:site_name\" content=\"Isabelle DAUMAS\" \/>\n<meta property=\"article:modified_time\" content=\"2024-01-07T20:53:41+00:00\" \/>\n<meta property=\"og:image\" content=\"http:\/\/rainbowantstudio-dev.ovh\/wp-content\/uploads\/elementor\/thumbs\/Line-4-qbdje2nx4gm7jkn6zorgdzczsu8rj9i64fxf4csqyy.png\" \/>\n<meta name=\"twitter:card\" content=\"summary_large_image\" \/>\n<script type=\"application\/ld+json\" class=\"yoast-schema-graph\">{\"@context\":\"https:\/\/schema.org\",\"@graph\":[{\"@type\":\"WebPage\",\"@id\":\"https:\/\/isabelle-daumas.com\/index.php\/conference-atelier-2\/\",\"url\":\"https:\/\/isabelle-daumas.com\/index.php\/conference-atelier-2\/\",\"name\":\"Conf\u00e9rence\/Atelier - Isabelle DAUMAS\",\"isPartOf\":{\"@id\":\"https:\/\/isabelle-daumas.com\/#website\"},\"datePublished\":\"2023-08-27T07:49:17+00:00\",\"dateModified\":\"2024-01-07T20:53:41+00:00\",\"breadcrumb\":{\"@id\":\"https:\/\/isabelle-daumas.com\/index.php\/conference-atelier-2\/#breadcrumb\"},\"inLanguage\":\"fr-FR\",\"potentialAction\":[{\"@type\":\"ReadAction\",\"target\":[\"https:\/\/isabelle-daumas.com\/index.php\/conference-atelier-2\/\"]}]},{\"@type\":\"BreadcrumbList\",\"@id\":\"https:\/\/isabelle-daumas.com\/index.php\/conference-atelier-2\/#breadcrumb\",\"itemListElement\":[{\"@type\":\"ListItem\",\"position\":1,\"name\":\"Accueil\",\"item\":\"https:\/\/isabelle-daumas.com\/\"},{\"@type\":\"ListItem\",\"position\":2,\"name\":\"Conf\u00e9rence\/Atelier\"}]},{\"@type\":\"WebSite\",\"@id\":\"https:\/\/isabelle-daumas.com\/#website\",\"url\":\"https:\/\/isabelle-daumas.com\/\",\"name\":\"Isabelle DAUMAS\",\"description\":\"Pr\u00e9venir les Risques Professionnels et Promouvoir la Sant\u00e9, c\u2019est possible !\",\"publisher\":{\"@id\":\"https:\/\/isabelle-daumas.com\/#organization\"},\"potentialAction\":[{\"@type\":\"SearchAction\",\"target\":{\"@type\":\"EntryPoint\",\"urlTemplate\":\"https:\/\/isabelle-daumas.com\/?s={search_term_string}\"},\"query-input\":\"required name=search_term_string\"}],\"inLanguage\":\"fr-FR\"},{\"@type\":\"Organization\",\"@id\":\"https:\/\/isabelle-daumas.com\/#organization\",\"name\":\"Isabelle DAUMAS\",\"url\":\"https:\/\/isabelle-daumas.com\/\",\"logo\":{\"@type\":\"ImageObject\",\"inLanguage\":\"fr-FR\",\"@id\":\"https:\/\/isabelle-daumas.com\/#\/schema\/logo\/image\/\",\"url\":\"https:\/\/isabelle-daumas.com\/wp-content\/uploads\/2023\/08\/cropped-LOGO_Isabelle-DAUMAS_complet-e1701289751194.png\",\"contentUrl\":\"https:\/\/isabelle-daumas.com\/wp-content\/uploads\/2023\/08\/cropped-LOGO_Isabelle-DAUMAS_complet-e1701289751194.png\",\"width\":271,\"height\":77,\"caption\":\"Isabelle DAUMAS\"},\"image\":{\"@id\":\"https:\/\/isabelle-daumas.com\/#\/schema\/logo\/image\/\"}}]}<\/script>\n<!-- \/ Yoast SEO plugin. -->","yoast_head_json":{"title":"Conf\u00e9rence\/Atelier - Isabelle DAUMAS","robots":{"index":"index","follow":"follow","max-snippet":"max-snippet:-1","max-image-preview":"max-image-preview:large","max-video-preview":"max-video-preview:-1"},"canonical":"https:\/\/isabelle-daumas.com\/index.php\/conference-atelier-2\/","og_locale":"fr_FR","og_type":"article","og_title":"Conf\u00e9rence\/Atelier - Isabelle DAUMAS","og_description":"CONF\u00c9RENCE \/ ATELIER Sous un format de 1 \u00e0 2h, l\u2019objectif de ces conf\u00e9rences \/ ateliers est de faire d\u00e9couvrir au plus grand nombre le Brain Gym\u00ae et ce que cette approche peut apporter \u00e0 chacun. Vous y trouverez un \u00e9quilibre Th\u00e9orie \/ Pratique, mais aussi un temp d\u2019\u00e9changes, apr\u00e8s lequel vous repartirez avec des [&hellip;]","og_url":"https:\/\/isabelle-daumas.com\/index.php\/conference-atelier-2\/","og_site_name":"Isabelle DAUMAS","article_modified_time":"2024-01-07T20:53:41+00:00","og_image":[{"url":"http:\/\/rainbowantstudio-dev.ovh\/wp-content\/uploads\/elementor\/thumbs\/Line-4-qbdje2nx4gm7jkn6zorgdzczsu8rj9i64fxf4csqyy.png"}],"twitter_card":"summary_large_image","schema":{"@context":"https:\/\/schema.org","@graph":[{"@type":"WebPage","@id":"https:\/\/isabelle-daumas.com\/index.php\/conference-atelier-2\/","url":"https:\/\/isabelle-daumas.com\/index.php\/conference-atelier-2\/","name":"Conf\u00e9rence\/Atelier - Isabelle DAUMAS","isPartOf":{"@id":"https:\/\/isabelle-daumas.com\/#website"},"datePublished":"2023-08-27T07:49:17+00:00","dateModified":"2024-01-07T20:53:41+00:00","breadcrumb":{"@id":"https:\/\/isabelle-daumas.com\/index.php\/conference-atelier-2\/#breadcrumb"},"inLanguage":"fr-FR","potentialAction":[{"@type":"ReadAction","target":["https:\/\/isabelle-daumas.com\/index.php\/conference-atelier-2\/"]}]},{"@type":"BreadcrumbList","@id":"https:\/\/isabelle-daumas.com\/index.php\/conference-atelier-2\/#breadcrumb","itemListElement":[{"@type":"ListItem","position":1,"name":"Accueil","item":"https:\/\/isabelle-daumas.com\/"},{"@type":"ListItem","position":2,"name":"Conf\u00e9rence\/Atelier"}]},{"@type":"WebSite","@id":"https:\/\/isabelle-daumas.com\/#website","url":"https:\/\/isabelle-daumas.com\/","name":"Isabelle DAUMAS","description":"Pr\u00e9venir les Risques Professionnels et Promouvoir la Sant\u00e9, c\u2019est possible !","publisher":{"@id":"https:\/\/isabelle-daumas.com\/#organization"},"potentialAction":[{"@type":"SearchAction","target":{"@type":"EntryPoint","urlTemplate":"https:\/\/isabelle-daumas.com\/?s={search_term_string}"},"query-input":"required name=search_term_string"}],"inLanguage":"fr-FR"},{"@type":"Organization","@id":"https:\/\/isabelle-daumas.com\/#organization","name":"Isabelle DAUMAS","url":"https:\/\/isabelle-daumas.com\/","logo":{"@type":"ImageObject","inLanguage":"fr-FR","@id":"https:\/\/isabelle-daumas.com\/#\/schema\/logo\/image\/","url":"https:\/\/isabelle-daumas.com\/wp-content\/uploads\/2023\/08\/cropped-LOGO_Isabelle-DAUMAS_complet-e1701289751194.png","contentUrl":"https:\/\/isabelle-daumas.com\/wp-content\/uploads\/2023\/08\/cropped-LOGO_Isabelle-DAUMAS_complet-e1701289751194.png","width":271,"height":77,"caption":"Isabelle DAUMAS"},"image":{"@id":"https:\/\/isabelle-daumas.com\/#\/schema\/logo\/image\/"}}]}},"_links":{"self":[{"href":"https:\/\/isabelle-daumas.com\/index.php\/wp-json\/wp\/v2\/pages\/360","targetHints":{"allow":["GET"]}}],"collection":[{"href":"https:\/\/isabelle-daumas.com\/index.php\/wp-json\/wp\/v2\/pages"}],"about":[{"href":"https:\/\/isabelle-daumas.com\/index.php\/wp-json\/wp\/v2\/types\/page"}],"author":[{"embeddable":true,"href":"https:\/\/isabelle-daumas.com\/index.php\/wp-json\/wp\/v2\/users\/1"}],"replies":[{"embeddable":true,"href":"https:\/\/isabelle-daumas.com\/index.php\/wp-json\/wp\/v2\/comments?post=360"}],"version-history":[{"count":37,"href":"https:\/\/isabelle-daumas.com\/index.php\/wp-json\/wp\/v2\/pages\/360\/revisions"}],"predecessor-version":[{"id":2277,"href":"https:\/\/isabelle-daumas.com\/index.php\/wp-json\/wp\/v2\/pages\/360\/revisions\/2277"}],"wp:attachment":[{"href":"https:\/\/isabelle-daumas.com\/index.php\/wp-json\/wp\/v2\/media?parent=360"}],"curies":[{"name":"wp","href":"https:\/\/api.w.org\/{rel}","templated":true}]}}